{"id":22518,"date":"2025-12-15T23:38:54","date_gmt":"2025-12-15T22:38:54","guid":{"rendered":"https:\/\/etis.ba\/?post_type=product&#038;p=22518"},"modified":"2025-12-15T23:40:06","modified_gmt":"2025-12-15T22:40:06","slug":"termostat-engo-easy-24w","status":"publish","type":"product","link":"https:\/\/etis.ba\/?product=termostat-engo-easy-24w","title":{"rendered":"Termostat Engo EASY-24W"},"content":{"rendered":"<div class=\"produkt__header\">\n<div class=\"produkt__header\">\n<div class=\"produkt__header\">\n<div class=\"produkt__header\">\n<div class=\"produkt__header\">\n<div class=\"produkt__header\">\n<div class=\"produkt__header\">\n<div class=\"produkt__header\">\n<div class=\"produkt__header\">\n<h3 id=\"prodID\" class=\"singleProductsDetails__header\">\u017di\u010dani, nadgradni regulator temperature, 24V<\/h3>\n<\/div>\n<div class=\"produkt__content pos_absolute\">\n<ul class=\"wp-block-list\">\n<li>Napajanje 24V AC (sigurni napon)<\/li>\n<li>zbog sigurnog napona (24V) \u2013 mogu\u0107nost primjene u javnim zgradama<br \/>\n(npr. \u0161kole, vrti\u0107i)<\/li>\n<li>sara\u0111uje s razdjelnicima i pogonima iz serije 24V AC<\/li>\n<li>\u017ei\u010dana instalacija za napajanje termostata mo\u017ee se izvesti pomo\u0107u LAN<br \/>\nkabla (internetna parica)<\/li>\n<li>2 tipke i jednostavno upravljanje<\/li>\n<li>LCD displej omogu\u0107ava prikaz izmjerene ili zadane temperature<\/li>\n<li>bo\u010dni prekida\u010d za odabir na\u010dina rada (GRIJANJE \/ OFF \/ HLA\u0110ENJE)<\/li>\n<li>ograni\u010denje minimalne i maksimalne zadane temperature<\/li>\n<li>programska promjena tipa releja (COM-NO \/ COM-NC)<\/li>\n<li>blokada tipki<\/li>\n<li><\/li>\n<\/ul>\n<\/div>\n<div class=\"produkt__table\">\n<h3 class=\"textLeft\">TEHNI\u010cKE<br \/>\n<span class=\"greenColor\">SPECIFIKACIJE<\/span><\/h3>\n<p>&nbsp;<\/p>\n<table class=\"produkt__daneTechniczneTabela\">\n<tbody>\n<tr>\n<th class=\"th_1 produkt__cell\">Napajanje<\/th>\n<th class=\"produkt__cell\">24V AC 50Hz<\/th>\n<\/tr>\n<tr>\n<th class=\"th_1 produkt__cell\">Maksimalno optere\u0107enje<\/th>\n<th class=\"produkt__cell\">3(1)A<\/th>\n<\/tr>\n<tr>\n<th class=\"th_1 produkt__cell\">Temperaturni raspon<\/th>\n<th class=\"produkt__cell\">5 \u2013 35\u00b0C<\/th>\n<\/tr>\n<tr>\n<th class=\"th_1 produkt__cell\">Preciznost mjerenja<\/th>\n<th class=\"produkt__cell\">0.1\u00b0C<\/th>\n<\/tr>\n<tr>\n<th class=\"th_1 produkt__cell\">Upravlja\u010dki algoritam<\/th>\n<th class=\"produkt__cell\">TPI ili Histereza (\u00b10.2\u00b0C \u2013 \u00b12\u00b0C)<\/th>\n<\/tr>\n<tr>\n<th class=\"th_1 produkt__cell\">Komunikacija<\/th>\n<th class=\"produkt__cell\">\u017di\u010dna<\/th>\n<\/tr>\n<tr>\n<th class=\"th_1 produkt__cell\">Upravlja\u010dki izlaz<\/th>\n<th class=\"produkt__cell\">NO\/COM (bez napona)<\/th>\n<\/tr>\n<tr>\n<th class=\"th_1 produkt__cell\">Klasa za\u0161tite<\/th>\n<th class=\"produkt__cell\">IP30<\/th>\n<\/tr>\n<tr>\n<th class=\"th_1 produkt__cell\">Dimenzije [mm]<\/th>\n<th class=\"produkt__cell\">80 x 80 x 22<\/th>\n<\/tr>\n<\/tbody>\n<\/table>\n<\/div>\n<\/div>\n<\/div>\n<\/div>\n<\/div>\n<\/div>\n<\/div>\n<\/div>\n<\/div>\n","protected":false},"excerpt":{"rendered":"<p>\u017di\u010dani, nadgradni regulator temperature, 24V Napajanje 24V AC (sigurni napon) zbog sigurnog napona (24V) \u2013 mogu\u0107nost primjene u javnim zgradama (npr. \u0161kole, vrti\u0107i) sara\u0111uje s razdjelnicima i pogonima iz serije 24V AC \u017ei\u010dana instalacija za napajanje termostata mo\u017ee se izvesti pomo\u0107u LAN kabla (internetna parica) 2 tipke i jednostavno upravljanje LCD displej omogu\u0107ava prikaz izmjerene [&hellip;]<\/p>\n","protected":false},"featured_media":22519,"comment_status":"open","ping_status":"closed","template":"","meta":{"_vp_format_video_url":"","_vp_image_focal_point":[]},"product_brand":[111],"product_cat":[106],"product_tag":[],"class_list":{"0":"post-22518","1":"product","2":"type-product","3":"status-publish","4":"has-post-thumbnail","6":"product_brand-engo","7":"product_cat-termostati","9":"first","10":"instock","11":"shipping-taxable","12":"product-type-simple"},"_links":{"self":[{"href":"https:\/\/etis.ba\/index.php?rest_route=\/wp\/v2\/product\/22518","targetHints":{"allow":["GET"]}}],"collection":[{"href":"https:\/\/etis.ba\/index.php?rest_route=\/wp\/v2\/product"}],"about":[{"href":"https:\/\/etis.ba\/index.php?rest_route=\/wp\/v2\/types\/product"}],"replies":[{"embeddable":true,"href":"https:\/\/etis.ba\/index.php?rest_route=%2Fwp%2Fv2%2Fcomments&post=22518"}],"wp:featuredmedia":[{"embeddable":true,"href":"https:\/\/etis.ba\/index.php?rest_route=\/wp\/v2\/media\/22519"}],"wp:attachment":[{"href":"https:\/\/etis.ba\/index.php?rest_route=%2Fwp%2Fv2%2Fmedia&parent=22518"}],"wp:term":[{"taxonomy":"product_brand","embeddable":true,"href":"https:\/\/etis.ba\/index.php?rest_route=%2Fwp%2Fv2%2Fproduct_brand&post=22518"},{"taxonomy":"product_cat","embeddable":true,"href":"https:\/\/etis.ba\/index.php?rest_route=%2Fwp%2Fv2%2Fproduct_cat&post=22518"},{"taxonomy":"product_tag","embeddable":true,"href":"https:\/\/etis.ba\/index.php?rest_route=%2Fwp%2Fv2%2Fproduct_tag&post=22518"}],"curies":[{"name":"wp","href":"https:\/\/api.w.org\/{rel}","templated":true}]}}