{"id":22502,"date":"2025-12-15T23:27:43","date_gmt":"2025-12-15T22:27:43","guid":{"rendered":"https:\/\/etis.ba\/?post_type=product&#038;p=22502"},"modified":"2025-12-15T23:33:25","modified_gmt":"2025-12-15T22:33:25","slug":"termostat-engo-e10-b","status":"publish","type":"product","link":"https:\/\/etis.ba\/?product=termostat-engo-e10-b","title":{"rendered":"Termostat Engo E10-B"},"content":{"rendered":"<div class=\"produkt__header\">\n<div class=\"produkt__header\">\n<div class=\"produkt__header\">\n<div class=\"produkt__header\">\n<div class=\"produkt__header\">\n<div class=\"produkt__header\">\n<div class=\"produkt__header\">\n<h3 id=\"prodID\" class=\"singleProductsDetails__header\">Pod\u017ebukni internet regulator temperature, Wi-Fi, 230V<\/h3>\n<\/div>\n<div class=\"produkt__content pos_absolute\">\n<ul class=\"wp-block-list\">\n<li><strong>E10<\/strong>\u00a0je \u017ei\u010dani temperaturni termostat s ugra\u0111enim\u00a0<strong>WiFi i Bluetooth modulom<\/strong>.<\/li>\n<li>Omogu\u0107uje\u00a0<strong>ekonomi\u010dnu i ekolo\u0161ku kontrolu<\/strong>\u00a0bilo koje vrste grijanja.<\/li>\n<li>Podr\u017eava\u00a0<strong>daljinsko upravljanje<\/strong>\u00a0putem aplikacija\u00a0<strong>ENGO Smart<\/strong>\u00a0ili\u00a0<strong>Tuya Smart<\/strong>.<\/li>\n<li>Ima\u00a0<strong>pregledan izbornik<\/strong>\u00a0i mno\u0161tvo korisnih funkcija.<\/li>\n<li><strong>Programiranje<\/strong>\u00a0je vrlo jednostavno i omogu\u0107uje prilagodbu grijanja va\u0161em dnevnom ritmu.<\/li>\n<li>Dostupan je u\u00a0<strong>bijeloj i crnoj boji<\/strong>.<\/li>\n<\/ul>\n<p>&nbsp;<\/p>\n<\/div>\n<div class=\"produkt__table\">\n<h3><\/h3>\n<h3 class=\"textLeft\">TEHNI\u010cKE<br \/>\n<span class=\"greenColor\">SPECIFIKACIJE<\/span><\/h3>\n<table class=\"produkt__daneTechniczneTabela\">\n<tbody>\n<tr>\n<th class=\"th_1 produkt__cell\">Napajanje<\/th>\n<th class=\"produkt__cell\">230V AC 50Hz<\/th>\n<\/tr>\n<tr>\n<th class=\"th_1 produkt__cell\">Maksimalno optere\u0107enje<\/th>\n<th class=\"produkt__cell\">3\u2005(1)\u2005A<\/th>\n<\/tr>\n<tr>\n<th class=\"th_1 produkt__cell\">Raspon regulacije temperature<\/th>\n<th class=\"produkt__cell\">\n<p class=\"p1\">5 \u2013 45\u00b0C<\/p>\n<\/th>\n<\/tr>\n<tr>\n<th class=\"th_1 produkt__cell\">To\u010dnost prikaza temperature<\/th>\n<th class=\"produkt__cell\">0.1\u00b0C<\/th>\n<\/tr>\n<tr>\n<th class=\"th_1 produkt__cell\">Upravlja\u010dki algoritam<\/th>\n<th class=\"produkt__cell\">TPI ili histereza ( \u00b10.1\u00b0C ili \u00b10.5\u00b0C)<\/th>\n<\/tr>\n<tr>\n<th class=\"th_1 produkt__cell\">Komunikacija<\/th>\n<th class=\"produkt__cell\">WiFi 2,4 GHz<\/th>\n<\/tr>\n<tr>\n<th class=\"th_1 produkt__cell\">Ulaz S1 &#8211; S2<\/th>\n<th class=\"produkt__cell\">temperatura poda ili mjerenje temperature zraka<\/th>\n<\/tr>\n<tr>\n<th class=\"th_1 produkt__cell\">Upravlja\u010dki izlaz<\/th>\n<th class=\"produkt__cell\">NO\/COM (bez napona)<\/th>\n<\/tr>\n<tr>\n<th class=\"th_1 produkt__cell\">Klasa za\u0161tite<\/th>\n<th class=\"produkt__cell\">IP30<\/th>\n<\/tr>\n<tr>\n<th class=\"th_1 produkt__cell\">Dimenzije [mm]<\/th>\n<th class=\"produkt__cell\">86 x 86 x 39 (14 nakon ugradnje u kutiju, promjer 60)<\/th>\n<\/tr>\n<\/tbody>\n<\/table>\n<\/div>\n<\/div>\n<\/div>\n<\/div>\n<\/div>\n<\/div>\n<\/div>\n","protected":false},"excerpt":{"rendered":"<p>Pod\u017ebukni internet regulator temperature, Wi-Fi, 230V E10\u00a0je \u017ei\u010dani temperaturni termostat s ugra\u0111enim\u00a0WiFi i Bluetooth modulom. Omogu\u0107uje\u00a0ekonomi\u010dnu i ekolo\u0161ku kontrolu\u00a0bilo koje vrste grijanja. Podr\u017eava\u00a0daljinsko upravljanje\u00a0putem aplikacija\u00a0ENGO Smart\u00a0ili\u00a0Tuya Smart. Ima\u00a0pregledan izbornik\u00a0i mno\u0161tvo korisnih funkcija. Programiranje\u00a0je vrlo jednostavno i omogu\u0107uje prilagodbu grijanja va\u0161em dnevnom ritmu. Dostupan je u\u00a0bijeloj i crnoj boji. &nbsp; TEHNI\u010cKE SPECIFIKACIJE Napajanje 230V AC 50Hz [&hellip;]<\/p>\n","protected":false},"featured_media":22505,"comment_status":"open","ping_status":"closed","template":"","meta":{"_vp_format_video_url":"","_vp_image_focal_point":[]},"product_brand":[111],"product_cat":[106],"product_tag":[],"class_list":{"0":"post-22502","1":"product","2":"type-product","3":"status-publish","4":"has-post-thumbnail","6":"product_brand-engo","7":"product_cat-termostati","9":"first","10":"instock","11":"shipping-taxable","12":"product-type-simple"},"_links":{"self":[{"href":"https:\/\/etis.ba\/index.php?rest_route=\/wp\/v2\/product\/22502","targetHints":{"allow":["GET"]}}],"collection":[{"href":"https:\/\/etis.ba\/index.php?rest_route=\/wp\/v2\/product"}],"about":[{"href":"https:\/\/etis.ba\/index.php?rest_route=\/wp\/v2\/types\/product"}],"replies":[{"embeddable":true,"href":"https:\/\/etis.ba\/index.php?rest_route=%2Fwp%2Fv2%2Fcomments&post=22502"}],"wp:featuredmedia":[{"embeddable":true,"href":"https:\/\/etis.ba\/index.php?rest_route=\/wp\/v2\/media\/22505"}],"wp:attachment":[{"href":"https:\/\/etis.ba\/index.php?rest_route=%2Fwp%2Fv2%2Fmedia&parent=22502"}],"wp:term":[{"taxonomy":"product_brand","embeddable":true,"href":"https:\/\/etis.ba\/index.php?rest_route=%2Fwp%2Fv2%2Fproduct_brand&post=22502"},{"taxonomy":"product_cat","embeddable":true,"href":"https:\/\/etis.ba\/index.php?rest_route=%2Fwp%2Fv2%2Fproduct_cat&post=22502"},{"taxonomy":"product_tag","embeddable":true,"href":"https:\/\/etis.ba\/index.php?rest_route=%2Fwp%2Fv2%2Fproduct_tag&post=22502"}],"curies":[{"name":"wp","href":"https:\/\/api.w.org\/{rel}","templated":true}]}}