{"id":22485,"date":"2025-12-15T23:22:16","date_gmt":"2025-12-15T22:22:16","guid":{"rendered":"https:\/\/etis.ba\/?post_type=product&#038;p=22485"},"modified":"2025-12-15T23:22:32","modified_gmt":"2025-12-15T22:22:32","slug":"termostat-engo-e25-batb-2","status":"publish","type":"product","link":"https:\/\/etis.ba\/?product=termostat-engo-e25-batb-2","title":{"rendered":"Termostat Engo E25-BATB"},"content":{"rendered":"<div class=\"produkt__header\">\n<div class=\"produkt__header\">\n<div class=\"produkt__header\">\n<div class=\"produkt__header\">\n<div class=\"produkt__header\">\n<h3 id=\"prodID\" class=\"singleProductsDetails__header\">ZigBee\/868MHz pametni termostat, ugradbeni, mre\u017eno napajanje 24V<\/h3>\n<\/div>\n<div class=\"produkt__content pos_absolute\">\n<ul class=\"wp-block-list\">\n<li>\u2013 Namijenjen za podno ili radijatorsko grijanje<\/li>\n<li>\u2013 Kompatibilan s elektronskim radijatorskim glavama ETRV<\/li>\n<li>\u2013 Mo\u017ee upravljati do 6 radijatorskih glava u jednoj prostoriji<\/li>\n<li>\u2013 Mjerenje sobne temperature dalje od radijatora osigurava udobnost i u\u0161tedu<\/li>\n<li>\u2013 Programiranje i upravljanje putem aplikacije ENGO Smart (uz kori\u0161tenje EGATEZB \/ EGATE-PRO)<\/li>\n<li>\u2013 Mogu\u0107 rad offline bez internetske pristupne to\u010dke u dnevnom na\u010dinu rada (bez rasporeda)<\/li>\n<li>\u2013 Glasovno upravljanje putem Alexa\/Google Home sistema<\/li>\n<\/ul>\n<\/div>\n<div class=\"produkt__table\">\n<h3 class=\"textLeft\">TEHNI\u010cKE<br \/>\n<span class=\"greenColor\">SPECIFIKACIJE<\/span><\/h3>\n<table class=\"produkt__daneTechniczneTabela\">\n<tbody>\n<tr>\n<th class=\"th_1 produkt__cell\">Napajanje<\/th>\n<th class=\"produkt__cell\">24V AC 50Hz<\/th>\n<\/tr>\n<tr>\n<th class=\"th_1 produkt__cell\">Maksimalno optere\u0107enje<\/th>\n<th class=\"produkt__cell\">3(1)A<\/th>\n<\/tr>\n<tr>\n<th class=\"th_1 produkt__cell\">Temperaturni raspon<\/th>\n<th class=\"produkt__cell\">5,0\u00b0C do 45,0\u00b0C<\/th>\n<\/tr>\n<tr>\n<th class=\"th_1 produkt__cell\">To\u010dnost prikaza temp.<\/th>\n<th class=\"produkt__cell\">0,5\u00b0C<\/th>\n<\/tr>\n<tr>\n<th class=\"th_1 produkt__cell\">Upravlja\u010dki algoritam<\/th>\n<th class=\"produkt__cell\">TPI<br \/>\nHistereza (\u00b10,2\u00b0C do \u00b12\u00b0C)<\/th>\n<\/tr>\n<tr>\n<th class=\"th_1 produkt__cell\">Komunikacija<\/th>\n<th class=\"produkt__cell\">ZigBee 3.0<br \/>\nRadijska 868MHz<\/th>\n<\/tr>\n<tr>\n<th class=\"th_1 produkt__cell\">Upravlja\u010dki izlaz<\/th>\n<th class=\"produkt__cell\">COM \/ NO (bez napona)<\/th>\n<\/tr>\n<tr>\n<th class=\"th_1 produkt__cell\">Dimenzije [mm]<\/th>\n<th class=\"produkt__cell\">80 x 80 x 23<\/th>\n<\/tr>\n<\/tbody>\n<\/table>\n<\/div>\n<\/div>\n<\/div>\n<\/div>\n<\/div>\n","protected":false},"excerpt":{"rendered":"<p>ZigBee\/868MHz pametni termostat, ugradbeni, mre\u017eno napajanje 24V \u2013 Namijenjen za podno ili radijatorsko grijanje \u2013 Kompatibilan s elektronskim radijatorskim glavama ETRV \u2013 Mo\u017ee upravljati do 6 radijatorskih glava u jednoj prostoriji \u2013 Mjerenje sobne temperature dalje od radijatora osigurava udobnost i u\u0161tedu \u2013 Programiranje i upravljanje putem aplikacije ENGO Smart (uz kori\u0161tenje EGATEZB \/ EGATE-PRO) [&hellip;]<\/p>\n","protected":false},"featured_media":22479,"comment_status":"open","ping_status":"closed","template":"","meta":{"_vp_format_video_url":"","_vp_image_focal_point":[]},"product_brand":[111],"product_cat":[106],"product_tag":[],"class_list":{"0":"post-22485","1":"product","2":"type-product","3":"status-publish","4":"has-post-thumbnail","6":"product_brand-engo","7":"product_cat-termostati","9":"first","10":"instock","11":"shipping-taxable","12":"product-type-simple"},"_links":{"self":[{"href":"https:\/\/etis.ba\/index.php?rest_route=\/wp\/v2\/product\/22485","targetHints":{"allow":["GET"]}}],"collection":[{"href":"https:\/\/etis.ba\/index.php?rest_route=\/wp\/v2\/product"}],"about":[{"href":"https:\/\/etis.ba\/index.php?rest_route=\/wp\/v2\/types\/product"}],"replies":[{"embeddable":true,"href":"https:\/\/etis.ba\/index.php?rest_route=%2Fwp%2Fv2%2Fcomments&post=22485"}],"wp:featuredmedia":[{"embeddable":true,"href":"https:\/\/etis.ba\/index.php?rest_route=\/wp\/v2\/media\/22479"}],"wp:attachment":[{"href":"https:\/\/etis.ba\/index.php?rest_route=%2Fwp%2Fv2%2Fmedia&parent=22485"}],"wp:term":[{"taxonomy":"product_brand","embeddable":true,"href":"https:\/\/etis.ba\/index.php?rest_route=%2Fwp%2Fv2%2Fproduct_brand&post=22485"},{"taxonomy":"product_cat","embeddable":true,"href":"https:\/\/etis.ba\/index.php?rest_route=%2Fwp%2Fv2%2Fproduct_cat&post=22485"},{"taxonomy":"product_tag","embeddable":true,"href":"https:\/\/etis.ba\/index.php?rest_route=%2Fwp%2Fv2%2Fproduct_tag&post=22485"}],"curies":[{"name":"wp","href":"https:\/\/api.w.org\/{rel}","templated":true}]}}