{"id":22463,"date":"2025-12-15T22:27:46","date_gmt":"2025-12-15T21:27:46","guid":{"rendered":"https:\/\/etis.ba\/?post_type=product&#038;p=22463"},"modified":"2025-12-15T22:45:19","modified_gmt":"2025-12-15T21:45:19","slug":"toplotna-pumpa-mitsubishi-zubadan-puhz-shw112v-yaa","status":"publish","type":"product","link":"https:\/\/etis.ba\/?product=toplotna-pumpa-mitsubishi-zubadan-puhz-shw112v-yaa","title":{"rendered":"Toplotna pumpa Mitsubishi Zubadan PUHZ-SHW112V\/YAA"},"content":{"rendered":"<p style=\"text-align: center;\"><strong>ZUBADAN SERIJA SPLIT TYPE<\/strong><br \/>\nToplotne pumpe zrak-voda u kombinaciji s pripadaju\u0107im hidrauli\u010dkim modulima sa ili bez spremnika potro\u0161ne tople vode. Veliki broj raspolo\u017eivih kombinacija omogu\u0107ava ve\u0107u udobnost zahvaljuju\u0107i posebno dizajniranih vanjskim jedinicama koje automatski pove\u0107avaju kapacitet grijanja pri ni\u017eim vanjskim temperaturama, \u0161to vodi do pove\u0107anja osje\u0107aja ugodnosti za korisnika. Novost je reverzibilni Mitsubishi Electric Hidrauli\u010dki sklop <strong>namijenjen hla\u0111enju i grijanju.<\/strong><\/p>\n<p style=\"text-align: center;\"><strong>Model u tablici: PUHZ-SHW112V\/YAA<\/strong><\/p>\n<p><img fetchpriority=\"high\" decoding=\"async\" class=\"wp-image-22462 size-large aligncenter\" src=\"https:\/\/etis.ba\/wp-content\/uploads\/2025\/12\/Screenshot_11-1024x613.png\" alt=\"\" width=\"1024\" height=\"613\" srcset=\"https:\/\/etis.ba\/wp-content\/uploads\/2025\/12\/Screenshot_11-1024x613.png 1024w, https:\/\/etis.ba\/wp-content\/uploads\/2025\/12\/Screenshot_11-300x180.png 300w, https:\/\/etis.ba\/wp-content\/uploads\/2025\/12\/Screenshot_11-768x460.png 768w, https:\/\/etis.ba\/wp-content\/uploads\/2025\/12\/Screenshot_11-340x204.png 340w, https:\/\/etis.ba\/wp-content\/uploads\/2025\/12\/Screenshot_11-500x299.png 500w, https:\/\/etis.ba\/wp-content\/uploads\/2025\/12\/Screenshot_11-800x479.png 800w, https:\/\/etis.ba\/wp-content\/uploads\/2025\/12\/Screenshot_11-1000x599.png 1000w, https:\/\/etis.ba\/wp-content\/uploads\/2025\/12\/Screenshot_11.png 1139w\" sizes=\"(max-width: 1024px) 100vw, 1024px\" \/><\/p>\n","protected":false},"excerpt":{"rendered":"<ul>\n<li><strong>Hla\u0111enje: \u2248 10,0 kW <\/strong><\/li>\n<li><strong>Grijanje: 11,2 kW <\/strong><\/li>\n<li><strong>Napajanje (V\/Ph\/Hz): 380\u2013415 V \/ 3 \/ 50 <\/strong><\/li>\n<li><strong>Rashladno sredstvo: R410A <\/strong><\/li>\n<li><strong>Energetski razred: A+++ \/ A++ <\/strong><\/li>\n<\/ul>\n","protected":false},"featured_media":22461,"comment_status":"open","ping_status":"closed","template":"","meta":{"_vp_format_video_url":"","_vp_image_focal_point":[]},"product_brand":[109],"product_cat":[116,108],"product_tag":[],"class_list":{"0":"post-22463","1":"product","2":"type-product","3":"status-publish","4":"has-post-thumbnail","6":"product_brand-mitsubishi","7":"product_cat-mitsubishi-toplotne-pumpe","8":"product_cat-toplotne-pumpe","10":"first","11":"instock","12":"shipping-taxable","13":"product-type-simple"},"_links":{"self":[{"href":"https:\/\/etis.ba\/index.php?rest_route=\/wp\/v2\/product\/22463","targetHints":{"allow":["GET"]}}],"collection":[{"href":"https:\/\/etis.ba\/index.php?rest_route=\/wp\/v2\/product"}],"about":[{"href":"https:\/\/etis.ba\/index.php?rest_route=\/wp\/v2\/types\/product"}],"replies":[{"embeddable":true,"href":"https:\/\/etis.ba\/index.php?rest_route=%2Fwp%2Fv2%2Fcomments&post=22463"}],"wp:featuredmedia":[{"embeddable":true,"href":"https:\/\/etis.ba\/index.php?rest_route=\/wp\/v2\/media\/22461"}],"wp:attachment":[{"href":"https:\/\/etis.ba\/index.php?rest_route=%2Fwp%2Fv2%2Fmedia&parent=22463"}],"wp:term":[{"taxonomy":"product_brand","embeddable":true,"href":"https:\/\/etis.ba\/index.php?rest_route=%2Fwp%2Fv2%2Fproduct_brand&post=22463"},{"taxonomy":"product_cat","embeddable":true,"href":"https:\/\/etis.ba\/index.php?rest_route=%2Fwp%2Fv2%2Fproduct_cat&post=22463"},{"taxonomy":"product_tag","embeddable":true,"href":"https:\/\/etis.ba\/index.php?rest_route=%2Fwp%2Fv2%2Fproduct_tag&post=22463"}],"curies":[{"name":"wp","href":"https:\/\/api.w.org\/{rel}","templated":true}]}}