{"id":22358,"date":"2025-12-15T02:04:51","date_gmt":"2025-12-15T01:04:51","guid":{"rendered":"https:\/\/etis.ba\/?post_type=product&#038;p=22358"},"modified":"2025-12-15T02:05:28","modified_gmt":"2025-12-15T01:05:28","slug":"eloblock-ve-24-14-see-24kw","status":"publish","type":"product","link":"https:\/\/etis.ba\/?product=eloblock-ve-24-14-see-24kw","title":{"rendered":"eloBLOCK &#8211; VE 24\/14 SEE 24kW"},"content":{"rendered":"<p><strong>Elektri\u010dni kotao za centralno grijanje 24 kW &#8211; VAILLANT eloBLOCK VE<\/strong><\/p>\n<p>Grijanje na struju uz visokou\u010dinkoviti Vaillant ure\u0111aj &#8211;\u00a0<strong>za maksimalnu udobnost grijanja<\/strong>\u00a0i ugodnu toplinu doma. Nova generacija Vaillant eloBLOCK ure\u0111aja omogu\u0107uje\u00a0<strong>potpuno automatizirano<\/strong>\u00a0centralno grijanje na struju. Vaillant eloBLOCK\u00a0<strong>kompaktan je<\/strong>\u00a0i iznimno lijepo dizajniran, jednostavno \u0107e se uklopiti u ba\u0161 svaki prostor.<\/p>\n<p><strong>Posebnosti:<\/strong><\/p>\n<ul>\n<li>Ekolo\u0161ki na\u010din rada \u2013 nije potreban dimnjak i mogu\u0107e ih je instalirati i u najmanje prostorije jer ne koriste zrak za izgaranje<\/li>\n<li>Za rad ure\u0111aja potreban je trofazni priklju\u010dak (osim za modele 6 i 9 kW kod kojih je uz odgovaraju\u0107i presjek elektri\u010dnih kablova mogu\u0107e izvesti monofazni priklju\u010dak)<\/li>\n<\/ul>\n<h3 data-start=\"893\" data-end=\"917\"><strong data-start=\"897\" data-end=\"915\">eloBLOCK VE 24<\/strong><\/h3>\n<div class=\"TyagGW_tableContainer\">\n<div class=\"group TyagGW_tableWrapper flex w-fit flex-col-reverse\" tabindex=\"-1\">\n<table class=\"w-fit min-w-(--thread-content-width)\" data-start=\"919\" data-end=\"1281\">\n<thead data-start=\"919\" data-end=\"945\">\n<tr data-start=\"919\" data-end=\"945\">\n<th data-start=\"919\" data-end=\"931\" data-col-size=\"sm\">Parametar<\/th>\n<th data-start=\"931\" data-end=\"945\" data-col-size=\"sm\">Vrijednost<\/th>\n<\/tr>\n<\/thead>\n<tbody data-start=\"973\" data-end=\"1281\">\n<tr data-start=\"973\" data-end=\"999\">\n<td data-start=\"973\" data-end=\"990\" data-col-size=\"sm\">Nazivni u\u010dinak<\/td>\n<td data-start=\"990\" data-end=\"999\" data-col-size=\"sm\">24 kW<\/td>\n<\/tr>\n<tr data-start=\"1000\" data-end=\"1038\">\n<td data-start=\"1000\" data-end=\"1026\" data-col-size=\"sm\">Potro\u0161nja struje, maks.<\/td>\n<td data-start=\"1026\" data-end=\"1038\" data-col-size=\"sm\">3&#215;36,5 A<\/td>\n<\/tr>\n<tr data-start=\"1039\" data-end=\"1076\">\n<td data-start=\"1039\" data-end=\"1068\" data-col-size=\"sm\">Nominalna jakost osigura\u010da<\/td>\n<td data-start=\"1068\" data-end=\"1076\" data-col-size=\"sm\">40 A<\/td>\n<\/tr>\n<tr data-start=\"1077\" data-end=\"1122\">\n<td data-start=\"1077\" data-end=\"1113\" data-col-size=\"sm\">Potrebni presjek elektri\u010dnog voda<\/td>\n<td data-start=\"1113\" data-end=\"1122\" data-col-size=\"sm\">6 mm\u00b2<\/td>\n<\/tr>\n<tr data-start=\"1123\" data-end=\"1161\">\n<td data-start=\"1123\" data-end=\"1143\" data-col-size=\"sm\">Dimenzije (Vx\u0160xD)<\/td>\n<td data-start=\"1143\" data-end=\"1161\" data-col-size=\"sm\">740x410x315 mm<\/td>\n<\/tr>\n<tr data-start=\"1162\" data-end=\"1191\">\n<td data-start=\"1162\" data-end=\"1180\" data-col-size=\"sm\">Te\u017eina (prazan)<\/td>\n<td data-start=\"1180\" data-end=\"1191\" data-col-size=\"sm\">27,0 kg<\/td>\n<\/tr>\n<tr data-start=\"1192\" data-end=\"1217\">\n<td data-start=\"1192\" data-end=\"1208\" data-col-size=\"sm\">Vrsta za\u0161tite<\/td>\n<td data-start=\"1208\" data-end=\"1217\" data-col-size=\"sm\">IP 40<\/td>\n<\/tr>\n<tr data-start=\"1218\" data-end=\"1264\">\n<td data-start=\"1218\" data-end=\"1242\" data-col-size=\"sm\">Elektri\u010dni priklju\u010dak<\/td>\n<td data-start=\"1242\" data-end=\"1264\" data-col-size=\"sm\">3 N\/PE 400 V 50 Hz<\/td>\n<\/tr>\n<tr data-start=\"1265\" data-end=\"1281\">\n<td data-start=\"1265\" data-end=\"1276\" data-col-size=\"sm\">Napomena<\/td>\n<td data-start=\"1276\" data-end=\"1281\" data-col-size=\"sm\">\u2013<\/td>\n<\/tr>\n<\/tbody>\n<\/table>\n<\/div>\n<\/div>\n<div class=\"TyagGW_tableContainer\"><\/div>\n","protected":false},"excerpt":{"rendered":"<ul>\n<li>Automatiziran rad ure\u0111aja<\/li>\n<li>Iznimno tih<\/li>\n<li>Kompatibilan sa svim eBUS termostatima i regulacijama grijanja<\/li>\n<li>Mogu\u0107nost povezivanja s eksternim spremnikom za potro\u0161nu toplu vodu<\/li>\n<li>Iznimna energetska u\u010dinkovitost<\/li>\n<\/ul>\n<p><img decoding=\"async\" class=\"alignnone wp-image-22359 size-medium\" src=\"https:\/\/etis.ba\/wp-content\/uploads\/2025\/12\/24kw-157x300.png\" alt=\"\" width=\"157\" height=\"300\" srcset=\"https:\/\/etis.ba\/wp-content\/uploads\/2025\/12\/24kw-157x300.png 157w, https:\/\/etis.ba\/wp-content\/uploads\/2025\/12\/24kw-340x648.png 340w, https:\/\/etis.ba\/wp-content\/uploads\/2025\/12\/24kw.png 397w\" sizes=\"(max-width: 157px) 100vw, 157px\" \/><\/p>\n","protected":false},"featured_media":22346,"comment_status":"open","ping_status":"closed","template":"","meta":{"_vp_format_video_url":"","_vp_image_focal_point":[]},"product_brand":[112],"product_cat":[107],"product_tag":[],"class_list":{"0":"post-22358","1":"product","2":"type-product","3":"status-publish","4":"has-post-thumbnail","6":"product_brand-vaillant","7":"product_cat-elo-blokovi","9":"first","10":"instock","11":"shipping-taxable","12":"product-type-simple"},"_links":{"self":[{"href":"https:\/\/etis.ba\/index.php?rest_route=\/wp\/v2\/product\/22358","targetHints":{"allow":["GET"]}}],"collection":[{"href":"https:\/\/etis.ba\/index.php?rest_route=\/wp\/v2\/product"}],"about":[{"href":"https:\/\/etis.ba\/index.php?rest_route=\/wp\/v2\/types\/product"}],"replies":[{"embeddable":true,"href":"https:\/\/etis.ba\/index.php?rest_route=%2Fwp%2Fv2%2Fcomments&post=22358"}],"wp:featuredmedia":[{"embeddable":true,"href":"https:\/\/etis.ba\/index.php?rest_route=\/wp\/v2\/media\/22346"}],"wp:attachment":[{"href":"https:\/\/etis.ba\/index.php?rest_route=%2Fwp%2Fv2%2Fmedia&parent=22358"}],"wp:term":[{"taxonomy":"product_brand","embeddable":true,"href":"https:\/\/etis.ba\/index.php?rest_route=%2Fwp%2Fv2%2Fproduct_brand&post=22358"},{"taxonomy":"product_cat","embeddable":true,"href":"https:\/\/etis.ba\/index.php?rest_route=%2Fwp%2Fv2%2Fproduct_cat&post=22358"},{"taxonomy":"product_tag","embeddable":true,"href":"https:\/\/etis.ba\/index.php?rest_route=%2Fwp%2Fv2%2Fproduct_tag&post=22358"}],"curies":[{"name":"wp","href":"https:\/\/api.w.org\/{rel}","templated":true}]}}