{"id":22356,"date":"2025-12-15T02:04:12","date_gmt":"2025-12-15T01:04:12","guid":{"rendered":"https:\/\/etis.ba\/?post_type=product&#038;p=22356"},"modified":"2025-12-15T02:04:45","modified_gmt":"2025-12-15T01:04:45","slug":"eloblock-ve-21-14-see-21kw","status":"publish","type":"product","link":"https:\/\/etis.ba\/?product=eloblock-ve-21-14-see-21kw","title":{"rendered":"eloBLOCK &#8211; VE 21\/14 SEE 21kW"},"content":{"rendered":"<p><strong>Elektri\u010dni kotao za centralno grijanje 21 kW &#8211; VAILLANT eloBLOCK VE<\/strong><\/p>\n<p>Grijanje na struju uz visokou\u010dinkoviti Vaillant ure\u0111aj &#8211;\u00a0<strong>za maksimalnu udobnost grijanja<\/strong>\u00a0i ugodnu toplinu doma. Nova generacija Vaillant eloBLOCK ure\u0111aja omogu\u0107uje\u00a0<strong>potpuno automatizirano<\/strong>\u00a0centralno grijanje na struju. Vaillant eloBLOCK\u00a0<strong>kompaktan je<\/strong>\u00a0i iznimno lijepo dizajniran, jednostavno \u0107e se uklopiti u ba\u0161 svaki prostor.<\/p>\n<p><strong>Posebnosti:<\/strong><\/p>\n<ul>\n<li>Ekolo\u0161ki na\u010din rada \u2013 nije potreban dimnjak i mogu\u0107e ih je instalirati i u najmanje prostorije jer ne koriste zrak za izgaranje<\/li>\n<li>Za rad ure\u0111aja potreban je trofazni priklju\u010dak (osim za modele 6 i 9 kW kod kojih je uz odgovaraju\u0107i presjek elektri\u010dnih kablova mogu\u0107e izvesti monofazni priklju\u010dak)<\/li>\n<\/ul>\n<h3 data-start=\"500\" data-end=\"524\"><strong data-start=\"504\" data-end=\"522\">eloBLOCK VE 21<\/strong><\/h3>\n<div class=\"TyagGW_tableContainer\">\n<div class=\"group TyagGW_tableWrapper flex w-fit flex-col-reverse\" tabindex=\"-1\">\n<table class=\"w-fit min-w-(--thread-content-width)\" data-start=\"526\" data-end=\"886\">\n<thead data-start=\"526\" data-end=\"552\">\n<tr data-start=\"526\" data-end=\"552\">\n<th data-start=\"526\" data-end=\"538\" data-col-size=\"sm\">Parametar<\/th>\n<th data-start=\"538\" data-end=\"552\" data-col-size=\"sm\">Vrijednost<\/th>\n<\/tr>\n<\/thead>\n<tbody data-start=\"580\" data-end=\"886\">\n<tr data-start=\"580\" data-end=\"606\">\n<td data-start=\"580\" data-end=\"597\" data-col-size=\"sm\">Nazivni u\u010dinak<\/td>\n<td data-col-size=\"sm\" data-start=\"597\" data-end=\"606\">21 kW<\/td>\n<\/tr>\n<tr data-start=\"607\" data-end=\"643\">\n<td data-start=\"607\" data-end=\"633\" data-col-size=\"sm\">Potro\u0161nja struje, maks.<\/td>\n<td data-col-size=\"sm\" data-start=\"633\" data-end=\"643\">3&#215;32 A<\/td>\n<\/tr>\n<tr data-start=\"644\" data-end=\"681\">\n<td data-start=\"644\" data-end=\"673\" data-col-size=\"sm\">Nominalna jakost osigura\u010da<\/td>\n<td data-col-size=\"sm\" data-start=\"673\" data-end=\"681\">40 A<\/td>\n<\/tr>\n<tr data-start=\"682\" data-end=\"727\">\n<td data-start=\"682\" data-end=\"718\" data-col-size=\"sm\">Potrebni presjek elektri\u010dnog voda<\/td>\n<td data-col-size=\"sm\" data-start=\"718\" data-end=\"727\">6 mm\u00b2<\/td>\n<\/tr>\n<tr data-start=\"728\" data-end=\"766\">\n<td data-start=\"728\" data-end=\"748\" data-col-size=\"sm\">Dimenzije (Vx\u0160xD)<\/td>\n<td data-col-size=\"sm\" data-start=\"748\" data-end=\"766\">740x410x315 mm<\/td>\n<\/tr>\n<tr data-start=\"767\" data-end=\"796\">\n<td data-start=\"767\" data-end=\"785\" data-col-size=\"sm\">Te\u017eina (prazan)<\/td>\n<td data-col-size=\"sm\" data-start=\"785\" data-end=\"796\">26,0 kg<\/td>\n<\/tr>\n<tr data-start=\"797\" data-end=\"822\">\n<td data-start=\"797\" data-end=\"813\" data-col-size=\"sm\">Vrsta za\u0161tite<\/td>\n<td data-col-size=\"sm\" data-start=\"813\" data-end=\"822\">IP 40<\/td>\n<\/tr>\n<tr data-start=\"823\" data-end=\"869\">\n<td data-start=\"823\" data-end=\"847\" data-col-size=\"sm\">Elektri\u010dni priklju\u010dak<\/td>\n<td data-col-size=\"sm\" data-start=\"847\" data-end=\"869\">3 N\/PE 400 V 50 Hz<\/td>\n<\/tr>\n<tr data-start=\"870\" data-end=\"886\">\n<td data-start=\"870\" data-end=\"881\" data-col-size=\"sm\">Napomena<\/td>\n<td data-col-size=\"sm\" data-start=\"881\" data-end=\"886\">\u2013<\/td>\n<\/tr>\n<\/tbody>\n<\/table>\n<\/div>\n<\/div>\n","protected":false},"excerpt":{"rendered":"<ul>\n<li>Automatiziran rad ure\u0111aja<\/li>\n<li>Iznimno tih<\/li>\n<li>Kompatibilan sa svim eBUS termostatima i regulacijama grijanja<\/li>\n<li>Mogu\u0107nost povezivanja s eksternim spremnikom za potro\u0161nu toplu vodu<\/li>\n<li>Iznimna energetska u\u010dinkovitost<\/li>\n<\/ul>\n<p><img decoding=\"async\" class=\"alignnone wp-image-22357 size-medium\" src=\"https:\/\/etis.ba\/wp-content\/uploads\/2025\/12\/21kw-157x300.png\" alt=\"\" width=\"157\" height=\"300\" srcset=\"https:\/\/etis.ba\/wp-content\/uploads\/2025\/12\/21kw-157x300.png 157w, https:\/\/etis.ba\/wp-content\/uploads\/2025\/12\/21kw-340x648.png 340w, https:\/\/etis.ba\/wp-content\/uploads\/2025\/12\/21kw.png 396w\" sizes=\"(max-width: 157px) 100vw, 157px\" \/><\/p>\n","protected":false},"featured_media":22346,"comment_status":"open","ping_status":"closed","template":"","meta":{"_vp_format_video_url":"","_vp_image_focal_point":[]},"product_brand":[112],"product_cat":[107],"product_tag":[],"class_list":{"0":"post-22356","1":"product","2":"type-product","3":"status-publish","4":"has-post-thumbnail","6":"product_brand-vaillant","7":"product_cat-elo-blokovi","9":"first","10":"instock","11":"shipping-taxable","12":"product-type-simple"},"_links":{"self":[{"href":"https:\/\/etis.ba\/index.php?rest_route=\/wp\/v2\/product\/22356","targetHints":{"allow":["GET"]}}],"collection":[{"href":"https:\/\/etis.ba\/index.php?rest_route=\/wp\/v2\/product"}],"about":[{"href":"https:\/\/etis.ba\/index.php?rest_route=\/wp\/v2\/types\/product"}],"replies":[{"embeddable":true,"href":"https:\/\/etis.ba\/index.php?rest_route=%2Fwp%2Fv2%2Fcomments&post=22356"}],"wp:featuredmedia":[{"embeddable":true,"href":"https:\/\/etis.ba\/index.php?rest_route=\/wp\/v2\/media\/22346"}],"wp:attachment":[{"href":"https:\/\/etis.ba\/index.php?rest_route=%2Fwp%2Fv2%2Fmedia&parent=22356"}],"wp:term":[{"taxonomy":"product_brand","embeddable":true,"href":"https:\/\/etis.ba\/index.php?rest_route=%2Fwp%2Fv2%2Fproduct_brand&post=22356"},{"taxonomy":"product_cat","embeddable":true,"href":"https:\/\/etis.ba\/index.php?rest_route=%2Fwp%2Fv2%2Fproduct_cat&post=22356"},{"taxonomy":"product_tag","embeddable":true,"href":"https:\/\/etis.ba\/index.php?rest_route=%2Fwp%2Fv2%2Fproduct_tag&post=22356"}],"curies":[{"name":"wp","href":"https:\/\/api.w.org\/{rel}","templated":true}]}}