{"id":22354,"date":"2025-12-15T02:03:06","date_gmt":"2025-12-15T01:03:06","guid":{"rendered":"https:\/\/etis.ba\/?post_type=product&#038;p=22354"},"modified":"2025-12-15T02:03:53","modified_gmt":"2025-12-15T01:03:53","slug":"eloblock-ve-18-14-see-18kw","status":"publish","type":"product","link":"https:\/\/etis.ba\/?product=eloblock-ve-18-14-see-18kw","title":{"rendered":"eloBLOCK &#8211; VE 18\/14 SEE 18kW"},"content":{"rendered":"<p><strong>Elektri\u010dni kotao za centralno grijanje 18 kW &#8211; VAILLANT eloBLOCK VE<\/strong><\/p>\n<p>Grijanje na struju uz visokou\u010dinkoviti Vaillant ure\u0111aj &#8211;\u00a0<strong>za maksimalnu udobnost grijanja<\/strong>\u00a0i ugodnu toplinu doma. Nova generacija Vaillant eloBLOCK ure\u0111aja omogu\u0107uje\u00a0<strong>potpuno automatizirano<\/strong>\u00a0centralno grijanje na struju. Vaillant eloBLOCK\u00a0<strong>kompaktan je<\/strong>\u00a0i iznimno lijepo dizajniran, jednostavno \u0107e se uklopiti u ba\u0161 svaki prostor.<\/p>\n<p><strong>Posebnosti:<\/strong><\/p>\n<ul>\n<li>Ekolo\u0161ki na\u010din rada \u2013 nije potreban dimnjak i mogu\u0107e ih je instalirati i u najmanje prostorije jer ne koriste zrak za izgaranje<\/li>\n<li>Za rad ure\u0111aja potreban je trofazni priklju\u010dak (osim za modele 6 i 9 kW kod kojih je uz odgovaraju\u0107i presjek elektri\u010dnih kablova mogu\u0107e izvesti monofazni priklju\u010dak)<\/li>\n<\/ul>\n<h3 data-start=\"105\" data-end=\"129\"><strong data-start=\"109\" data-end=\"127\">eloBLOCK VE 18<\/strong><\/h3>\n<div class=\"TyagGW_tableContainer\">\n<div class=\"group TyagGW_tableWrapper flex w-fit flex-col-reverse\" tabindex=\"-1\">\n<table class=\"w-fit min-w-(--thread-content-width)\" data-start=\"131\" data-end=\"493\">\n<thead data-start=\"131\" data-end=\"157\">\n<tr data-start=\"131\" data-end=\"157\">\n<th data-start=\"131\" data-end=\"143\" data-col-size=\"sm\">Parametar<\/th>\n<th data-start=\"143\" data-end=\"157\" data-col-size=\"sm\">Vrijednost<\/th>\n<\/tr>\n<\/thead>\n<tbody data-start=\"185\" data-end=\"493\">\n<tr data-start=\"185\" data-end=\"211\">\n<td data-start=\"185\" data-end=\"202\" data-col-size=\"sm\">Nazivni u\u010dinak<\/td>\n<td data-col-size=\"sm\" data-start=\"202\" data-end=\"211\">18 kW<\/td>\n<\/tr>\n<tr data-start=\"212\" data-end=\"250\">\n<td data-start=\"212\" data-end=\"238\" data-col-size=\"sm\">Potro\u0161nja struje, maks.<\/td>\n<td data-col-size=\"sm\" data-start=\"238\" data-end=\"250\">3&#215;27,5 A<\/td>\n<\/tr>\n<tr data-start=\"251\" data-end=\"288\">\n<td data-start=\"251\" data-end=\"280\" data-col-size=\"sm\">Nominalna jakost osigura\u010da<\/td>\n<td data-col-size=\"sm\" data-start=\"280\" data-end=\"288\">32 A<\/td>\n<\/tr>\n<tr data-start=\"289\" data-end=\"334\">\n<td data-start=\"289\" data-end=\"325\" data-col-size=\"sm\">Potrebni presjek elektri\u010dnog voda<\/td>\n<td data-col-size=\"sm\" data-start=\"325\" data-end=\"334\">4 mm\u00b2<\/td>\n<\/tr>\n<tr data-start=\"335\" data-end=\"373\">\n<td data-start=\"335\" data-end=\"355\" data-col-size=\"sm\">Dimenzije (Vx\u0160xD)<\/td>\n<td data-col-size=\"sm\" data-start=\"355\" data-end=\"373\">740x410x315 mm<\/td>\n<\/tr>\n<tr data-start=\"374\" data-end=\"403\">\n<td data-start=\"374\" data-end=\"392\" data-col-size=\"sm\">Te\u017eina (prazan)<\/td>\n<td data-col-size=\"sm\" data-start=\"392\" data-end=\"403\">25,0 kg<\/td>\n<\/tr>\n<tr data-start=\"404\" data-end=\"429\">\n<td data-start=\"404\" data-end=\"420\" data-col-size=\"sm\">Vrsta za\u0161tite<\/td>\n<td data-col-size=\"sm\" data-start=\"420\" data-end=\"429\">IP 40<\/td>\n<\/tr>\n<tr data-start=\"430\" data-end=\"476\">\n<td data-start=\"430\" data-end=\"454\" data-col-size=\"sm\">Elektri\u010dni priklju\u010dak<\/td>\n<td data-col-size=\"sm\" data-start=\"454\" data-end=\"476\">3 N\/PE 400 V 50 Hz<\/td>\n<\/tr>\n<tr data-start=\"477\" data-end=\"493\">\n<td data-start=\"477\" data-end=\"488\" data-col-size=\"sm\">Napomena<\/td>\n<td data-col-size=\"sm\" data-start=\"488\" data-end=\"493\">\u2013<\/td>\n<\/tr>\n<\/tbody>\n<\/table>\n<\/div>\n<\/div>\n<div class=\"TyagGW_tableContainer\"><\/div>\n","protected":false},"excerpt":{"rendered":"<ul>\n<li>Automatiziran rad ure\u0111aja<\/li>\n<li>Iznimno tih<\/li>\n<li>Kompatibilan sa svim eBUS termostatima i regulacijama grijanja<\/li>\n<li>Mogu\u0107nost povezivanja s eksternim spremnikom za potro\u0161nu toplu vodu<\/li>\n<li>Iznimna energetska u\u010dinkovitost<\/li>\n<\/ul>\n<p><img decoding=\"async\" class=\"alignnone wp-image-22355 size-medium\" src=\"https:\/\/etis.ba\/wp-content\/uploads\/2025\/12\/18kw-158x300.png\" alt=\"\" width=\"158\" height=\"300\" srcset=\"https:\/\/etis.ba\/wp-content\/uploads\/2025\/12\/18kw-158x300.png 158w, https:\/\/etis.ba\/wp-content\/uploads\/2025\/12\/18kw-340x646.png 340w, https:\/\/etis.ba\/wp-content\/uploads\/2025\/12\/18kw.png 398w\" sizes=\"(max-width: 158px) 100vw, 158px\" \/><\/p>\n","protected":false},"featured_media":22346,"comment_status":"open","ping_status":"closed","template":"","meta":{"_vp_format_video_url":"","_vp_image_focal_point":[]},"product_brand":[112],"product_cat":[107],"product_tag":[],"class_list":{"0":"post-22354","1":"product","2":"type-product","3":"status-publish","4":"has-post-thumbnail","6":"product_brand-vaillant","7":"product_cat-elo-blokovi","9":"first","10":"instock","11":"shipping-taxable","12":"product-type-simple"},"_links":{"self":[{"href":"https:\/\/etis.ba\/index.php?rest_route=\/wp\/v2\/product\/22354","targetHints":{"allow":["GET"]}}],"collection":[{"href":"https:\/\/etis.ba\/index.php?rest_route=\/wp\/v2\/product"}],"about":[{"href":"https:\/\/etis.ba\/index.php?rest_route=\/wp\/v2\/types\/product"}],"replies":[{"embeddable":true,"href":"https:\/\/etis.ba\/index.php?rest_route=%2Fwp%2Fv2%2Fcomments&post=22354"}],"wp:featuredmedia":[{"embeddable":true,"href":"https:\/\/etis.ba\/index.php?rest_route=\/wp\/v2\/media\/22346"}],"wp:attachment":[{"href":"https:\/\/etis.ba\/index.php?rest_route=%2Fwp%2Fv2%2Fmedia&parent=22354"}],"wp:term":[{"taxonomy":"product_brand","embeddable":true,"href":"https:\/\/etis.ba\/index.php?rest_route=%2Fwp%2Fv2%2Fproduct_brand&post=22354"},{"taxonomy":"product_cat","embeddable":true,"href":"https:\/\/etis.ba\/index.php?rest_route=%2Fwp%2Fv2%2Fproduct_cat&post=22354"},{"taxonomy":"product_tag","embeddable":true,"href":"https:\/\/etis.ba\/index.php?rest_route=%2Fwp%2Fv2%2Fproduct_tag&post=22354"}],"curies":[{"name":"wp","href":"https:\/\/api.w.org\/{rel}","templated":true}]}}