{"id":22352,"date":"2025-12-15T02:01:59","date_gmt":"2025-12-15T01:01:59","guid":{"rendered":"https:\/\/etis.ba\/?post_type=product&#038;p=22352"},"modified":"2025-12-15T02:02:45","modified_gmt":"2025-12-15T01:02:45","slug":"eloblock-ve-14-14-see-14kw","status":"publish","type":"product","link":"https:\/\/etis.ba\/?product=eloblock-ve-14-14-see-14kw","title":{"rendered":"eloBLOCK &#8211; VE 14\/14 SEE 14kW"},"content":{"rendered":"<p><strong>Elektri\u010dni kotao za centralno grijanje 14 kW &#8211; VAILLANT eloBLOCK VE<\/strong><\/p>\n<p>Grijanje na struju uz visokou\u010dinkoviti Vaillant ure\u0111aj &#8211;\u00a0<strong>za maksimalnu udobnost grijanja<\/strong>\u00a0i ugodnu toplinu doma. Nova generacija Vaillant eloBLOCK ure\u0111aja omogu\u0107uje\u00a0<strong>potpuno automatizirano<\/strong>\u00a0centralno grijanje na struju. Vaillant eloBLOCK\u00a0<strong>kompaktan je<\/strong>\u00a0i iznimno lijepo dizajniran, jednostavno \u0107e se uklopiti u ba\u0161 svaki prostor.<\/p>\n<p><strong>Posebnosti:<\/strong><\/p>\n<ul>\n<li>Ekolo\u0161ki na\u010din rada \u2013 nije potreban dimnjak i mogu\u0107e ih je instalirati i u najmanje prostorije jer ne koriste zrak za izgaranje<\/li>\n<li>Za rad ure\u0111aja potreban je trofazni priklju\u010dak (osim za modele 6 i 9 kW kod kojih je uz odgovaraju\u0107i presjek elektri\u010dnih kablova mogu\u0107e izvesti monofazni priklju\u010dak)<\/li>\n<\/ul>\n<h3 data-start=\"1479\" data-end=\"1503\"><strong data-start=\"1483\" data-end=\"1501\">eloBLOCK VE 14<\/strong><\/h3>\n<div class=\"TyagGW_tableContainer\">\n<div class=\"group TyagGW_tableWrapper flex w-fit flex-col-reverse\" tabindex=\"-1\">\n<table class=\"w-fit min-w-(--thread-content-width)\" data-start=\"1505\" data-end=\"1867\">\n<thead data-start=\"1505\" data-end=\"1531\">\n<tr data-start=\"1505\" data-end=\"1531\">\n<th data-start=\"1505\" data-end=\"1517\" data-col-size=\"sm\">Parametar<\/th>\n<th data-start=\"1517\" data-end=\"1531\" data-col-size=\"sm\">Vrijednost<\/th>\n<\/tr>\n<\/thead>\n<tbody data-start=\"1559\" data-end=\"1867\">\n<tr data-start=\"1559\" data-end=\"1585\">\n<td data-start=\"1559\" data-end=\"1576\" data-col-size=\"sm\">Nazivni u\u010dinak<\/td>\n<td data-col-size=\"sm\" data-start=\"1576\" data-end=\"1585\">14 kW<\/td>\n<\/tr>\n<tr data-start=\"1586\" data-end=\"1622\">\n<td data-start=\"1586\" data-end=\"1612\" data-col-size=\"sm\">Potro\u0161nja struje, maks.<\/td>\n<td data-col-size=\"sm\" data-start=\"1612\" data-end=\"1622\">3&#215;23 A<\/td>\n<\/tr>\n<tr data-start=\"1623\" data-end=\"1660\">\n<td data-start=\"1623\" data-end=\"1652\" data-col-size=\"sm\">Nominalna jakost osigura\u010da<\/td>\n<td data-col-size=\"sm\" data-start=\"1652\" data-end=\"1660\">25 A<\/td>\n<\/tr>\n<tr data-start=\"1661\" data-end=\"1708\">\n<td data-start=\"1661\" data-end=\"1697\" data-col-size=\"sm\">Potrebni presjek elektri\u010dnog voda<\/td>\n<td data-col-size=\"sm\" data-start=\"1697\" data-end=\"1708\">2,5 mm\u00b2<\/td>\n<\/tr>\n<tr data-start=\"1709\" data-end=\"1747\">\n<td data-start=\"1709\" data-end=\"1729\" data-col-size=\"sm\">Dimenzije (Vx\u0160xD)<\/td>\n<td data-start=\"1729\" data-end=\"1747\" data-col-size=\"sm\">740x410x315 mm<\/td>\n<\/tr>\n<tr data-start=\"1748\" data-end=\"1777\">\n<td data-start=\"1748\" data-end=\"1766\" data-col-size=\"sm\">Te\u017eina (prazan)<\/td>\n<td data-start=\"1766\" data-end=\"1777\" data-col-size=\"sm\">25,0 kg<\/td>\n<\/tr>\n<tr data-start=\"1778\" data-end=\"1803\">\n<td data-start=\"1778\" data-end=\"1794\" data-col-size=\"sm\">Vrsta za\u0161tite<\/td>\n<td data-start=\"1794\" data-end=\"1803\" data-col-size=\"sm\">IP 40<\/td>\n<\/tr>\n<tr data-start=\"1804\" data-end=\"1850\">\n<td data-start=\"1804\" data-end=\"1828\" data-col-size=\"sm\">Elektri\u010dni priklju\u010dak<\/td>\n<td data-start=\"1828\" data-end=\"1850\" data-col-size=\"sm\">3 N\/PE 400 V 50 Hz<\/td>\n<\/tr>\n<tr data-start=\"1851\" data-end=\"1867\">\n<td data-start=\"1851\" data-end=\"1862\" data-col-size=\"sm\">Napomena<\/td>\n<td data-start=\"1862\" data-end=\"1867\" data-col-size=\"sm\">\u2013<\/td>\n<\/tr>\n<\/tbody>\n<\/table>\n<\/div>\n<\/div>\n","protected":false},"excerpt":{"rendered":"<ul>\n<li>Automatiziran rad ure\u0111aja<\/li>\n<li>Iznimno tih<\/li>\n<li>Kompatibilan sa svim eBUS termostatima i regulacijama grijanja<\/li>\n<li>Mogu\u0107nost povezivanja s eksternim spremnikom za potro\u0161nu toplu vodu<\/li>\n<li>Iznimna energetska u\u010dinkovitost<\/li>\n<\/ul>\n<p><img decoding=\"async\" class=\"alignnone wp-image-22353 size-medium\" src=\"https:\/\/etis.ba\/wp-content\/uploads\/2025\/12\/14kw-158x300.png\" alt=\"\" width=\"158\" height=\"300\" srcset=\"https:\/\/etis.ba\/wp-content\/uploads\/2025\/12\/14kw-158x300.png 158w, https:\/\/etis.ba\/wp-content\/uploads\/2025\/12\/14kw-340x647.png 340w, https:\/\/etis.ba\/wp-content\/uploads\/2025\/12\/14kw.png 399w\" sizes=\"(max-width: 158px) 100vw, 158px\" \/><\/p>\n","protected":false},"featured_media":22346,"comment_status":"open","ping_status":"closed","template":"","meta":{"_vp_format_video_url":"","_vp_image_focal_point":[]},"product_brand":[112],"product_cat":[107],"product_tag":[],"class_list":{"0":"post-22352","1":"product","2":"type-product","3":"status-publish","4":"has-post-thumbnail","6":"product_brand-vaillant","7":"product_cat-elo-blokovi","9":"first","10":"instock","11":"shipping-taxable","12":"product-type-simple"},"_links":{"self":[{"href":"https:\/\/etis.ba\/index.php?rest_route=\/wp\/v2\/product\/22352","targetHints":{"allow":["GET"]}}],"collection":[{"href":"https:\/\/etis.ba\/index.php?rest_route=\/wp\/v2\/product"}],"about":[{"href":"https:\/\/etis.ba\/index.php?rest_route=\/wp\/v2\/types\/product"}],"replies":[{"embeddable":true,"href":"https:\/\/etis.ba\/index.php?rest_route=%2Fwp%2Fv2%2Fcomments&post=22352"}],"wp:featuredmedia":[{"embeddable":true,"href":"https:\/\/etis.ba\/index.php?rest_route=\/wp\/v2\/media\/22346"}],"wp:attachment":[{"href":"https:\/\/etis.ba\/index.php?rest_route=%2Fwp%2Fv2%2Fmedia&parent=22352"}],"wp:term":[{"taxonomy":"product_brand","embeddable":true,"href":"https:\/\/etis.ba\/index.php?rest_route=%2Fwp%2Fv2%2Fproduct_brand&post=22352"},{"taxonomy":"product_cat","embeddable":true,"href":"https:\/\/etis.ba\/index.php?rest_route=%2Fwp%2Fv2%2Fproduct_cat&post=22352"},{"taxonomy":"product_tag","embeddable":true,"href":"https:\/\/etis.ba\/index.php?rest_route=%2Fwp%2Fv2%2Fproduct_tag&post=22352"}],"curies":[{"name":"wp","href":"https:\/\/api.w.org\/{rel}","templated":true}]}}