{"id":22350,"date":"2025-12-15T02:01:18","date_gmt":"2025-12-15T01:01:18","guid":{"rendered":"https:\/\/etis.ba\/?post_type=product&#038;p=22350"},"modified":"2025-12-15T02:01:53","modified_gmt":"2025-12-15T01:01:53","slug":"eloblock-ve-12-14-see-12kw","status":"publish","type":"product","link":"https:\/\/etis.ba\/?product=eloblock-ve-12-14-see-12kw","title":{"rendered":"eloBLOCK &#8211; VE 12\/14 SEE 12kW"},"content":{"rendered":"<p><strong>Elektri\u010dni kotao za centralno grijanje 12 kW &#8211; VAILLANT eloBLOCK VE<\/strong><\/p>\n<p>Grijanje na struju uz visokou\u010dinkoviti Vaillant ure\u0111aj &#8211;\u00a0<strong>za maksimalnu udobnost grijanja<\/strong>\u00a0i ugodnu toplinu doma. Nova generacija Vaillant eloBLOCK ure\u0111aja omogu\u0107uje\u00a0<strong>potpuno automatizirano<\/strong>\u00a0centralno grijanje na struju. Vaillant eloBLOCK\u00a0<strong>kompaktan je<\/strong>\u00a0i iznimno lijepo dizajniran, jednostavno \u0107e se uklopiti u ba\u0161 svaki prostor.<\/p>\n<p><strong>Posebnosti:<\/strong><\/p>\n<ul>\n<li>Ekolo\u0161ki na\u010din rada \u2013 nije potreban dimnjak i mogu\u0107e ih je instalirati i u najmanje prostorije jer ne koriste zrak za izgaranje<\/li>\n<li>Za rad ure\u0111aja potreban je trofazni priklju\u010dak (osim za modele 6 i 9 kW kod kojih je uz odgovaraju\u0107i presjek elektri\u010dnih kablova mogu\u0107e izvesti monofazni priklju\u010dak)<\/li>\n<\/ul>\n<h3 data-start=\"1082\" data-end=\"1106\"><strong data-start=\"1086\" data-end=\"1104\">eloBLOCK VE 12<\/strong><\/h3>\n<div class=\"TyagGW_tableContainer\">\n<div class=\"group TyagGW_tableWrapper flex w-fit flex-col-reverse\" tabindex=\"-1\">\n<table class=\"w-fit min-w-(--thread-content-width)\" data-start=\"1108\" data-end=\"1472\">\n<thead data-start=\"1108\" data-end=\"1134\">\n<tr data-start=\"1108\" data-end=\"1134\">\n<th data-start=\"1108\" data-end=\"1120\" data-col-size=\"sm\">Parametar<\/th>\n<th data-start=\"1120\" data-end=\"1134\" data-col-size=\"sm\">Vrijednost<\/th>\n<\/tr>\n<\/thead>\n<tbody data-start=\"1162\" data-end=\"1472\">\n<tr data-start=\"1162\" data-end=\"1188\">\n<td data-start=\"1162\" data-end=\"1179\" data-col-size=\"sm\">Nazivni u\u010dinak<\/td>\n<td data-col-size=\"sm\" data-start=\"1179\" data-end=\"1188\">12 kW<\/td>\n<\/tr>\n<tr data-start=\"1189\" data-end=\"1227\">\n<td data-start=\"1189\" data-end=\"1215\" data-col-size=\"sm\">Potro\u0161nja struje, maks.<\/td>\n<td data-col-size=\"sm\" data-start=\"1215\" data-end=\"1227\">3&#215;18,5 A<\/td>\n<\/tr>\n<tr data-start=\"1228\" data-end=\"1265\">\n<td data-start=\"1228\" data-end=\"1257\" data-col-size=\"sm\">Nominalna jakost osigura\u010da<\/td>\n<td data-col-size=\"sm\" data-start=\"1257\" data-end=\"1265\">20 A<\/td>\n<\/tr>\n<tr data-start=\"1266\" data-end=\"1313\">\n<td data-start=\"1266\" data-end=\"1302\" data-col-size=\"sm\">Potrebni presjek elektri\u010dnog voda<\/td>\n<td data-col-size=\"sm\" data-start=\"1302\" data-end=\"1313\">2,5 mm\u00b2<\/td>\n<\/tr>\n<tr data-start=\"1314\" data-end=\"1352\">\n<td data-start=\"1314\" data-end=\"1334\" data-col-size=\"sm\">Dimenzije (Vx\u0160xD)<\/td>\n<td data-col-size=\"sm\" data-start=\"1334\" data-end=\"1352\">740x410x315 mm<\/td>\n<\/tr>\n<tr data-start=\"1353\" data-end=\"1382\">\n<td data-start=\"1353\" data-end=\"1371\" data-col-size=\"sm\">Te\u017eina (prazan)<\/td>\n<td data-col-size=\"sm\" data-start=\"1371\" data-end=\"1382\">24,0 kg<\/td>\n<\/tr>\n<tr data-start=\"1383\" data-end=\"1408\">\n<td data-start=\"1383\" data-end=\"1399\" data-col-size=\"sm\">Vrsta za\u0161tite<\/td>\n<td data-col-size=\"sm\" data-start=\"1399\" data-end=\"1408\">IP 40<\/td>\n<\/tr>\n<tr data-start=\"1409\" data-end=\"1455\">\n<td data-start=\"1409\" data-end=\"1433\" data-col-size=\"sm\">Elektri\u010dni priklju\u010dak<\/td>\n<td data-col-size=\"sm\" data-start=\"1433\" data-end=\"1455\">3 N\/PE 400 V 50 Hz<\/td>\n<\/tr>\n<tr data-start=\"1456\" data-end=\"1472\">\n<td data-start=\"1456\" data-end=\"1467\" data-col-size=\"sm\">Napomena<\/td>\n<td data-col-size=\"sm\" data-start=\"1467\" data-end=\"1472\">\u2013<\/td>\n<\/tr>\n<\/tbody>\n<\/table>\n<\/div>\n<\/div>\n<p>&nbsp;<\/p>\n","protected":false},"excerpt":{"rendered":"<ul>\n<li>Automatiziran rad ure\u0111aja<\/li>\n<li>Iznimno tih<\/li>\n<li>Kompatibilan sa svim eBUS termostatima i regulacijama grijanja<\/li>\n<li>Mogu\u0107nost povezivanja s eksternim spremnikom za potro\u0161nu toplu vodu<\/li>\n<li>Iznimna energetska u\u010dinkovitost<\/li>\n<\/ul>\n<p><img decoding=\"async\" class=\"alignnone wp-image-22351 size-medium\" src=\"https:\/\/etis.ba\/wp-content\/uploads\/2025\/12\/12-158x300.png\" alt=\"\" width=\"158\" height=\"300\" srcset=\"https:\/\/etis.ba\/wp-content\/uploads\/2025\/12\/12-158x300.png 158w, https:\/\/etis.ba\/wp-content\/uploads\/2025\/12\/12-340x645.png 340w, https:\/\/etis.ba\/wp-content\/uploads\/2025\/12\/12.png 398w\" sizes=\"(max-width: 158px) 100vw, 158px\" \/><\/p>\n","protected":false},"featured_media":22346,"comment_status":"open","ping_status":"closed","template":"","meta":{"_vp_format_video_url":"","_vp_image_focal_point":[]},"product_brand":[112],"product_cat":[107],"product_tag":[],"class_list":{"0":"post-22350","1":"product","2":"type-product","3":"status-publish","4":"has-post-thumbnail","6":"product_brand-vaillant","7":"product_cat-elo-blokovi","9":"first","10":"instock","11":"shipping-taxable","12":"product-type-simple"},"_links":{"self":[{"href":"https:\/\/etis.ba\/index.php?rest_route=\/wp\/v2\/product\/22350","targetHints":{"allow":["GET"]}}],"collection":[{"href":"https:\/\/etis.ba\/index.php?rest_route=\/wp\/v2\/product"}],"about":[{"href":"https:\/\/etis.ba\/index.php?rest_route=\/wp\/v2\/types\/product"}],"replies":[{"embeddable":true,"href":"https:\/\/etis.ba\/index.php?rest_route=%2Fwp%2Fv2%2Fcomments&post=22350"}],"wp:featuredmedia":[{"embeddable":true,"href":"https:\/\/etis.ba\/index.php?rest_route=\/wp\/v2\/media\/22346"}],"wp:attachment":[{"href":"https:\/\/etis.ba\/index.php?rest_route=%2Fwp%2Fv2%2Fmedia&parent=22350"}],"wp:term":[{"taxonomy":"product_brand","embeddable":true,"href":"https:\/\/etis.ba\/index.php?rest_route=%2Fwp%2Fv2%2Fproduct_brand&post=22350"},{"taxonomy":"product_cat","embeddable":true,"href":"https:\/\/etis.ba\/index.php?rest_route=%2Fwp%2Fv2%2Fproduct_cat&post=22350"},{"taxonomy":"product_tag","embeddable":true,"href":"https:\/\/etis.ba\/index.php?rest_route=%2Fwp%2Fv2%2Fproduct_tag&post=22350"}],"curies":[{"name":"wp","href":"https:\/\/api.w.org\/{rel}","templated":true}]}}