{"id":22342,"date":"2025-12-15T01:57:09","date_gmt":"2025-12-15T00:57:09","guid":{"rendered":"https:\/\/etis.ba\/?post_type=product&#038;p=22342"},"modified":"2025-12-15T02:00:09","modified_gmt":"2025-12-15T01:00:09","slug":"eloblock-ve-6-14-see","status":"publish","type":"product","link":"https:\/\/etis.ba\/?product=eloblock-ve-6-14-see","title":{"rendered":"eloBLOCK &#8211; VE 6\/14 SEE 6kW"},"content":{"rendered":"<p><strong>Elektri\u010dni kotao za centralno grijanje 6 kW &#8211; VAILLANT eloBLOCK VE<\/strong><\/p>\n<p>Grijanje na struju uz visokou\u010dinkoviti Vaillant ure\u0111aj &#8211;\u00a0<strong>za maksimalnu udobnost grijanja<\/strong>\u00a0i ugodnu toplinu doma. Nova generacija Vaillant eloBLOCK ure\u0111aja omogu\u0107uje\u00a0<strong>potpuno automatizirano<\/strong>\u00a0centralno grijanje na struju. Vaillant eloBLOCK\u00a0<strong>kompaktan je<\/strong>\u00a0i iznimno lijepo dizajniran, jednostavno \u0107e se uklopiti u ba\u0161 svaki prostor.<\/p>\n<p><strong>Posebnosti:<\/strong><\/p>\n<ul>\n<li>Ekolo\u0161ki na\u010din rada \u2013 nije potreban dimnjak i mogu\u0107e ih je instalirati i u najmanje prostorije jer ne koriste zrak za izgaranje<\/li>\n<li>Za rad ure\u0111aja potreban je trofazni priklju\u010dak (osim za modele 6 i 9 kW kod kojih je uz odgovaraju\u0107i presjek elektri\u010dnih kablova mogu\u0107e izvesti monofazni priklju\u010dak)<\/li>\n<\/ul>\n<h3 data-start=\"131\" data-end=\"154\"><strong data-start=\"135\" data-end=\"152\">eloBLOCK VE 6<\/strong><\/h3>\n<div class=\"TyagGW_tableContainer\">\n<div class=\"group TyagGW_tableWrapper flex w-fit flex-col-reverse\" tabindex=\"-1\">\n<table class=\"w-fit min-w-(--thread-content-width)\" data-start=\"156\" data-end=\"600\">\n<thead data-start=\"156\" data-end=\"182\">\n<tr data-start=\"156\" data-end=\"182\">\n<th data-start=\"156\" data-end=\"168\" data-col-size=\"sm\">Parametar<\/th>\n<th data-start=\"168\" data-end=\"182\" data-col-size=\"md\">Vrijednost<\/th>\n<\/tr>\n<\/thead>\n<tbody data-start=\"210\" data-end=\"600\">\n<tr data-start=\"210\" data-end=\"235\">\n<td data-start=\"210\" data-end=\"227\" data-col-size=\"sm\">Nazivni u\u010dinak<\/td>\n<td data-col-size=\"md\" data-start=\"227\" data-end=\"235\">6 kW<\/td>\n<\/tr>\n<tr data-start=\"236\" data-end=\"273\">\n<td data-start=\"236\" data-end=\"262\" data-col-size=\"sm\">Potro\u0161nja struje, maks.<\/td>\n<td data-col-size=\"md\" data-start=\"262\" data-end=\"273\">3&#215;9,5 A<\/td>\n<\/tr>\n<tr data-start=\"274\" data-end=\"311\">\n<td data-start=\"274\" data-end=\"303\" data-col-size=\"sm\">Nominalna jakost osigura\u010da<\/td>\n<td data-col-size=\"md\" data-start=\"303\" data-end=\"311\">10 A<\/td>\n<\/tr>\n<tr data-start=\"312\" data-end=\"359\">\n<td data-start=\"312\" data-end=\"348\" data-col-size=\"sm\">Potrebni presjek elektri\u010dnog voda<\/td>\n<td data-col-size=\"md\" data-start=\"348\" data-end=\"359\">1,5 mm\u00b2<\/td>\n<\/tr>\n<tr data-start=\"360\" data-end=\"398\">\n<td data-start=\"360\" data-end=\"380\" data-col-size=\"sm\">Dimenzije (Vx\u0160xD)<\/td>\n<td data-col-size=\"md\" data-start=\"380\" data-end=\"398\">740x410x315 mm<\/td>\n<\/tr>\n<tr data-start=\"399\" data-end=\"428\">\n<td data-start=\"399\" data-end=\"417\" data-col-size=\"sm\">Te\u017eina (prazan)<\/td>\n<td data-col-size=\"md\" data-start=\"417\" data-end=\"428\">24,0 kg<\/td>\n<\/tr>\n<tr data-start=\"429\" data-end=\"454\">\n<td data-start=\"429\" data-end=\"445\" data-col-size=\"sm\">Vrsta za\u0161tite<\/td>\n<td data-col-size=\"md\" data-start=\"445\" data-end=\"454\">IP 40<\/td>\n<\/tr>\n<tr data-start=\"455\" data-end=\"501\">\n<td data-start=\"455\" data-end=\"479\" data-col-size=\"sm\">Elektri\u010dni priklju\u010dak<\/td>\n<td data-col-size=\"md\" data-start=\"479\" data-end=\"501\">3 N\/PE 400 V 50 Hz<\/td>\n<\/tr>\n<tr data-start=\"502\" data-end=\"600\">\n<td data-start=\"502\" data-end=\"513\" data-col-size=\"sm\">Napomena<\/td>\n<td data-col-size=\"md\" data-start=\"513\" data-end=\"600\">Mogu\u0107e priklju\u010diti na monofazni priklju\u010dak uz odgovaraju\u0107i presjek elektri\u010dnog voda<\/td>\n<\/tr>\n<\/tbody>\n<\/table>\n<\/div>\n<\/div>\n<p>&nbsp;<\/p>\n","protected":false},"excerpt":{"rendered":"<ul>\n<li>Automatiziran rad ure\u0111aja<\/li>\n<li>Iznimno tih<\/li>\n<li>Kompatibilan sa svim eBUS termostatima i regulacijama grijanja<\/li>\n<li>Mogu\u0107nost povezivanja s eksternim spremnikom za potro\u0161nu toplu vodu<\/li>\n<li>Iznimna energetska u\u010dinkovitost<\/li>\n<\/ul>\n<p><img decoding=\"async\" class=\"alignnone wp-image-22347 size-medium\" src=\"https:\/\/etis.ba\/wp-content\/uploads\/2025\/12\/6kw-158x300.png\" alt=\"\" width=\"158\" height=\"300\" srcset=\"https:\/\/etis.ba\/wp-content\/uploads\/2025\/12\/6kw-158x300.png 158w, https:\/\/etis.ba\/wp-content\/uploads\/2025\/12\/6kw-340x646.png 340w, https:\/\/etis.ba\/wp-content\/uploads\/2025\/12\/6kw.png 398w\" sizes=\"(max-width: 158px) 100vw, 158px\" \/><\/p>\n","protected":false},"featured_media":22346,"comment_status":"open","ping_status":"closed","template":"","meta":{"_vp_format_video_url":"","_vp_image_focal_point":[]},"product_brand":[112],"product_cat":[107],"product_tag":[],"class_list":{"0":"post-22342","1":"product","2":"type-product","3":"status-publish","4":"has-post-thumbnail","6":"product_brand-vaillant","7":"product_cat-elo-blokovi","9":"first","10":"instock","11":"shipping-taxable","12":"product-type-simple"},"_links":{"self":[{"href":"https:\/\/etis.ba\/index.php?rest_route=\/wp\/v2\/product\/22342","targetHints":{"allow":["GET"]}}],"collection":[{"href":"https:\/\/etis.ba\/index.php?rest_route=\/wp\/v2\/product"}],"about":[{"href":"https:\/\/etis.ba\/index.php?rest_route=\/wp\/v2\/types\/product"}],"replies":[{"embeddable":true,"href":"https:\/\/etis.ba\/index.php?rest_route=%2Fwp%2Fv2%2Fcomments&post=22342"}],"wp:featuredmedia":[{"embeddable":true,"href":"https:\/\/etis.ba\/index.php?rest_route=\/wp\/v2\/media\/22346"}],"wp:attachment":[{"href":"https:\/\/etis.ba\/index.php?rest_route=%2Fwp%2Fv2%2Fmedia&parent=22342"}],"wp:term":[{"taxonomy":"product_brand","embeddable":true,"href":"https:\/\/etis.ba\/index.php?rest_route=%2Fwp%2Fv2%2Fproduct_brand&post=22342"},{"taxonomy":"product_cat","embeddable":true,"href":"https:\/\/etis.ba\/index.php?rest_route=%2Fwp%2Fv2%2Fproduct_cat&post=22342"},{"taxonomy":"product_tag","embeddable":true,"href":"https:\/\/etis.ba\/index.php?rest_route=%2Fwp%2Fv2%2Fproduct_tag&post=22342"}],"curies":[{"name":"wp","href":"https:\/\/api.w.org\/{rel}","templated":true}]}}