{"id":22336,"date":"2025-12-15T01:25:45","date_gmt":"2025-12-15T00:25:45","guid":{"rendered":"https:\/\/etis.ba\/?post_type=product&#038;p=22336"},"modified":"2025-12-15T01:25:45","modified_gmt":"2025-12-15T00:25:45","slug":"termostat-engo-e901-rf","status":"publish","type":"product","link":"https:\/\/etis.ba\/?product=termostat-engo-e901-rf","title":{"rendered":"Termostat Engo E901-RF"},"content":{"rendered":"<div class=\"produkt__content pos_absolute\">\n<p>\u00a0Proizvod osigurava veliki radni domet (do 100 m na otvorenom prostoru)<br \/>\n\u2022 Nudi izbor izme\u0111u dva tipa rasporeda: za dnevno i tjedno upravljanje temperaturom u odabranim vremenskim intervalima<br \/>\n\u2022 Omogu\u0107ava ugodno kori\u0161tenje zahvaljuju\u0107i kliznom panelu i dodirnim tipkama<br \/>\n\u2022 Funkcionalan, precizan i vizualno dotjeran<\/p>\n<p>&nbsp;<\/p>\n<\/div>\n<div class=\"produkt__table\">\n<h3 class=\"textLeft\">TEHNI\u010cKE<br \/>\n<span class=\"greenColor\">SPECIFIKACIJE<\/span><\/h3>\n<table class=\"produkt__daneTechniczneTabela\">\n<tbody>\n<tr>\n<th class=\"th_1 produkt__cell\">Napajanje oda\u0161ilja\u010da<\/th>\n<th class=\"produkt__cell\">2 x AA alkalne baterije<\/th>\n<\/tr>\n<tr>\n<th class=\"th_1 produkt__cell\">Napajanje prijemnika<\/th>\n<th class=\"produkt__cell\">230V AC 50Hz<\/th>\n<\/tr>\n<tr>\n<th class=\"th_1 produkt__cell\">Maksimalno optere\u0107enje<\/th>\n<th class=\"produkt__cell\">16\u2005(5)\u2005A<\/th>\n<\/tr>\n<tr>\n<th class=\"th_1 produkt__cell\">Izlazni signal<\/th>\n<th class=\"produkt__cell\">NO\/COM relej bez napona<\/th>\n<\/tr>\n<tr>\n<th class=\"th_1 produkt__cell\">Temperaturni raspon<\/th>\n<th class=\"produkt__cell\">5 \u2013 35\u00b0C<\/th>\n<\/tr>\n<tr>\n<th class=\"th_1 produkt__cell\">To\u010dnost prikaza temp.<\/th>\n<th class=\"produkt__cell\">0.1\u00b0C ili 0.5\u00b0C<\/th>\n<\/tr>\n<tr>\n<th class=\"th_1 produkt__cell\">Upravlja\u010dki algoritam<\/th>\n<th class=\"produkt__cell\">TPI ali Histereza (\u00b10.25\u00b0C oz. \u00b10.5\u00b0C)<\/th>\n<\/tr>\n<tr>\n<th class=\"th_1 produkt__cell\">Komunikacija<\/th>\n<th class=\"produkt__cell\">Be\u017ei\u010dna, 868 MHz<\/th>\n<\/tr>\n<tr>\n<th class=\"th_1 produkt__cell\">Dimenzije [mm]:<\/th>\n<th class=\"produkt__cell\">oda\u0161ilja\u010d: 150 x 84 x 22<br \/>\nprijamnik: 96 x 96 x 27<\/th>\n<\/tr>\n<\/tbody>\n<\/table>\n<\/div>\n","protected":false},"excerpt":{"rendered":"<h3 class=\"textCenter\">Programabilni be\u017ei\u010dni regulator temperature<\/h3>\n","protected":false},"featured_media":22335,"comment_status":"open","ping_status":"closed","template":"","meta":{"_vp_format_video_url":"","_vp_image_focal_point":[]},"product_brand":[111],"product_cat":[106],"product_tag":[],"class_list":{"0":"post-22336","1":"product","2":"type-product","3":"status-publish","4":"has-post-thumbnail","6":"product_brand-engo","7":"product_cat-termostati","9":"first","10":"instock","11":"shipping-taxable","12":"product-type-simple"},"_links":{"self":[{"href":"https:\/\/etis.ba\/index.php?rest_route=\/wp\/v2\/product\/22336","targetHints":{"allow":["GET"]}}],"collection":[{"href":"https:\/\/etis.ba\/index.php?rest_route=\/wp\/v2\/product"}],"about":[{"href":"https:\/\/etis.ba\/index.php?rest_route=\/wp\/v2\/types\/product"}],"replies":[{"embeddable":true,"href":"https:\/\/etis.ba\/index.php?rest_route=%2Fwp%2Fv2%2Fcomments&post=22336"}],"wp:featuredmedia":[{"embeddable":true,"href":"https:\/\/etis.ba\/index.php?rest_route=\/wp\/v2\/media\/22335"}],"wp:attachment":[{"href":"https:\/\/etis.ba\/index.php?rest_route=%2Fwp%2Fv2%2Fmedia&parent=22336"}],"wp:term":[{"taxonomy":"product_brand","embeddable":true,"href":"https:\/\/etis.ba\/index.php?rest_route=%2Fwp%2Fv2%2Fproduct_brand&post=22336"},{"taxonomy":"product_cat","embeddable":true,"href":"https:\/\/etis.ba\/index.php?rest_route=%2Fwp%2Fv2%2Fproduct_cat&post=22336"},{"taxonomy":"product_tag","embeddable":true,"href":"https:\/\/etis.ba\/index.php?rest_route=%2Fwp%2Fv2%2Fproduct_tag&post=22336"}],"curies":[{"name":"wp","href":"https:\/\/api.w.org\/{rel}","templated":true}]}}