{"id":22327,"date":"2025-12-15T01:18:13","date_gmt":"2025-12-15T00:18:13","guid":{"rendered":"https:\/\/etis.ba\/?post_type=product&#038;p=22327"},"modified":"2025-12-15T23:11:06","modified_gmt":"2025-12-15T22:11:06","slug":"eone-230w-230b","status":"publish","type":"product","link":"https:\/\/etis.ba\/?product=eone-230w-230b","title":{"rendered":"Termostat Engo EONE-230W | 230B"},"content":{"rendered":"<div class=\"produkt__header\">\n<h1 id=\"prodID\" class=\"singleProductsDetails__header\"><span style=\"font-size: 16px;\">Engo ONE je inovativni temperaturni termostat s ugra\u0111enim senzorom vlage. Spoj je modernosti s preciznim radom i zanimljivim dizajnom. Karakterizira ga jednostavnost ugradnje i rada.<\/span><\/h1>\n<\/div>\n<div class=\"produkt__content pos_absolute\">\n<p>Mogu\u0107nost kontrole:<\/p>\n<ul class=\"wp-block-list\">\n<li>be\u017ei\u010dno putem ENGO Smart aplikacije, koriste\u0107i ZigBee 3.0 EGATEZB internetski pristupnik<\/li>\n<li>\u017ei\u010dani, kada je termostat spojen izravno na prijemnik (kao \u0161to je \u017ei\u010dana upravlja\u010dka kutija). Tako\u0111er, mo\u017eete koristiti pristupnik EGATEZB za kontrolu termostata pomo\u0107u aplikacije ENGO Smart.<\/li>\n<\/ul>\n<p>Termostat se napaja 230V<\/p>\n<p>Uglavnom je dizajniran za upravljanje sustavima podnog grijanja<\/p>\n<h3 class=\"textLeft\">TEHNI\u010cKE<br \/>\n<span class=\"greenColor\">SPECIFIKACIJE<\/span><\/h3>\n<table class=\"produkt__daneTechniczneTabela\">\n<tbody>\n<tr>\n<th class=\"th_1 produkt__cell\">Napajanje<\/th>\n<th class=\"produkt__cell\">230V AC 50Hz<\/th>\n<\/tr>\n<tr>\n<th class=\"th_1 produkt__cell\">Maksimalna struja<\/th>\n<th class=\"produkt__cell\">3(1) A<\/th>\n<\/tr>\n<tr>\n<th class=\"th_1 produkt__cell\">Raspon kontrole temperature<\/th>\n<th class=\"produkt__cell\">5\u00b0C \u2013 45\u00b0C<\/th>\n<\/tr>\n<tr>\n<th class=\"th_1 produkt__cell\">Prikaz temp. to\u010dnost<\/th>\n<th class=\"produkt__cell\">0,5\u00b0C<\/th>\n<\/tr>\n<tr>\n<th class=\"th_1 produkt__cell\">Kontrolni algoritam hm<\/th>\n<th class=\"produkt__cell\">TPI ili histereza (\u00b10,1\u00b0C do \u00b12\u00b0C)<\/th>\n<\/tr>\n<tr>\n<th class=\"th_1 produkt__cell\">Komunikacija<\/th>\n<th class=\"produkt__cell\">ZigBee 3.0 2,4GHz<\/th>\n<\/tr>\n<tr>\n<th class=\"th_1 produkt__cell\">Ulaz S1-S2<\/th>\n<th class=\"produkt__cell\">Senzor temperature poda ili zraka, hotelska kartica<\/th>\n<\/tr>\n<tr>\n<th class=\"th_1 produkt__cell\">Upravlja\u010dki izlaz<\/th>\n<th class=\"produkt__cell\">COM\/NO (bez napona)<\/th>\n<\/tr>\n<tr>\n<th class=\"th_1 produkt__cell\">Dimenzije [mm]<\/th>\n<th class=\"produkt__cell\">90 x 90 x 34<br \/>\n(13 mm nakon ugradnje u kutiju \u00d8 60 mm)<\/th>\n<\/tr>\n<\/tbody>\n<\/table>\n<\/div>\n","protected":false},"excerpt":{"rendered":"<ul>\n<li><strong>Napajanje <\/strong><strong>230V AC 50Hz<\/strong><\/li>\n<li><strong>Maksimalna struja <\/strong><strong>3(1) A<\/strong><\/li>\n<li><strong>Raspon kontrole temperature <\/strong><strong>5\u00b0C \u2013 45\u00b0C<\/strong><\/li>\n<li><strong>Prikaz temp. to\u010dnost <\/strong><strong>0,5\u00b0C<\/strong><\/li>\n<\/ul>\n","protected":false},"featured_media":22331,"comment_status":"open","ping_status":"closed","template":"","meta":{"_vp_format_video_url":"","_vp_image_focal_point":[]},"product_brand":[111],"product_cat":[106],"product_tag":[],"class_list":{"0":"post-22327","1":"product","2":"type-product","3":"status-publish","4":"has-post-thumbnail","6":"product_brand-engo","7":"product_cat-termostati","9":"first","10":"instock","11":"shipping-taxable","12":"product-type-simple"},"_links":{"self":[{"href":"https:\/\/etis.ba\/index.php?rest_route=\/wp\/v2\/product\/22327","targetHints":{"allow":["GET"]}}],"collection":[{"href":"https:\/\/etis.ba\/index.php?rest_route=\/wp\/v2\/product"}],"about":[{"href":"https:\/\/etis.ba\/index.php?rest_route=\/wp\/v2\/types\/product"}],"replies":[{"embeddable":true,"href":"https:\/\/etis.ba\/index.php?rest_route=%2Fwp%2Fv2%2Fcomments&post=22327"}],"wp:featuredmedia":[{"embeddable":true,"href":"https:\/\/etis.ba\/index.php?rest_route=\/wp\/v2\/media\/22331"}],"wp:attachment":[{"href":"https:\/\/etis.ba\/index.php?rest_route=%2Fwp%2Fv2%2Fmedia&parent=22327"}],"wp:term":[{"taxonomy":"product_brand","embeddable":true,"href":"https:\/\/etis.ba\/index.php?rest_route=%2Fwp%2Fv2%2Fproduct_brand&post=22327"},{"taxonomy":"product_cat","embeddable":true,"href":"https:\/\/etis.ba\/index.php?rest_route=%2Fwp%2Fv2%2Fproduct_cat&post=22327"},{"taxonomy":"product_tag","embeddable":true,"href":"https:\/\/etis.ba\/index.php?rest_route=%2Fwp%2Fv2%2Fproduct_tag&post=22327"}],"curies":[{"name":"wp","href":"https:\/\/api.w.org\/{rel}","templated":true}]}}