{"id":22319,"date":"2025-12-15T01:08:41","date_gmt":"2025-12-15T00:08:41","guid":{"rendered":"https:\/\/etis.ba\/?post_type=product&#038;p=22319"},"modified":"2025-12-15T01:11:10","modified_gmt":"2025-12-15T00:11:10","slug":"termostat-engo-e7-rfb","status":"publish","type":"product","link":"https:\/\/etis.ba\/?product=termostat-engo-e7-rfb","title":{"rendered":"Termostat Engo E7-RFB | E7-RFW"},"content":{"rendered":"<table class=\"produkt__daneTechniczneTabela\">\n<tbody>\n<tr>\n<th class=\"th_1 produkt__cell\">Napajanje termostata<\/th>\n<th class=\"produkt__cell\">2xAA baterije<\/th>\n<\/tr>\n<tr>\n<th class=\"th_1 produkt__cell\">Napajanje prijemnika<\/th>\n<th class=\"produkt__cell\">230V AC 50Hz<\/th>\n<\/tr>\n<tr>\n<th class=\"th_1 produkt__cell\">Maksimalno optere\u0107enje prijemnika<\/th>\n<th class=\"produkt__cell\">16 (5) A<\/th>\n<\/tr>\n<tr>\n<th class=\"th_1 produkt__cell\">Izlazni signal prijemnika<\/th>\n<th class=\"produkt__cell\">COM \/ NO (beznaponski kontakt)<\/th>\n<\/tr>\n<tr>\n<th class=\"th_1 produkt__cell\">Raspon regulacije temperature<\/th>\n<th class=\"produkt__cell\">5,0\u00b0C do 45,0\u00b0C<\/th>\n<\/tr>\n<tr>\n<th class=\"th_1 produkt__cell\">To\u010dnost prikaza temperature<\/th>\n<th class=\"produkt__cell\">0,5\u00b0C<\/th>\n<\/tr>\n<tr>\n<th class=\"th_1 produkt__cell\">Algoritam upravljanja<\/th>\n<th class=\"produkt__cell\">TPI<br \/>\nHistereza (\u00b10,2\u00b0C do \u00b12\u00b0C)<\/th>\n<\/tr>\n<tr>\n<th class=\"th_1 produkt__cell\">Komunikacija<\/th>\n<th class=\"produkt__cell\">Be\u017ei\u010dna, 868 MHz<\/th>\n<\/tr>\n<tr>\n<th class=\"th_1 produkt__cell\">Dimenzije [mm]<\/th>\n<th class=\"produkt__cell\">oda\u0161ilja\u010d: 80 x 80 x 23<br \/>\nprijamnik: 96 x 96 x 27<\/th>\n<\/tr>\n<\/tbody>\n<\/table>\n<h2 class=\"whiteColor singleProductsFeature__header textCenter\"><\/h2>\n","protected":false},"excerpt":{"rendered":"<p>\u2022\u00a0Na\u010dini rada: dan\/no\u0107<\/p>\n<p>\u2022\u00a0Jednostavno i intuitivno upravljanje ure\u0111ajem<\/p>\n<p>\u2022\u00a0Proizvod nudi veliki radni domet<\/p>\n<p>\u2022\u00a0Ure\u0111aji su tvorni\u010dki upareni s jedinstvenim komunikacijskim kodovima, \u0161to sprje\u010dava me\u0111usobne smetnje<\/p>\n<p>\u2022\u00a0Univerzalni na\u010dini rada i kompatibilnost s sustavima grijanja i hla\u0111enja<\/p>\n","protected":false},"featured_media":22321,"comment_status":"open","ping_status":"closed","template":"","meta":{"_vp_format_video_url":"","_vp_image_focal_point":[]},"product_brand":[111],"product_cat":[106],"product_tag":[],"class_list":{"0":"post-22319","1":"product","2":"type-product","3":"status-publish","4":"has-post-thumbnail","6":"product_brand-engo","7":"product_cat-termostati","9":"first","10":"instock","11":"shipping-taxable","12":"product-type-simple"},"_links":{"self":[{"href":"https:\/\/etis.ba\/index.php?rest_route=\/wp\/v2\/product\/22319","targetHints":{"allow":["GET"]}}],"collection":[{"href":"https:\/\/etis.ba\/index.php?rest_route=\/wp\/v2\/product"}],"about":[{"href":"https:\/\/etis.ba\/index.php?rest_route=\/wp\/v2\/types\/product"}],"replies":[{"embeddable":true,"href":"https:\/\/etis.ba\/index.php?rest_route=%2Fwp%2Fv2%2Fcomments&post=22319"}],"wp:featuredmedia":[{"embeddable":true,"href":"https:\/\/etis.ba\/index.php?rest_route=\/wp\/v2\/media\/22321"}],"wp:attachment":[{"href":"https:\/\/etis.ba\/index.php?rest_route=%2Fwp%2Fv2%2Fmedia&parent=22319"}],"wp:term":[{"taxonomy":"product_brand","embeddable":true,"href":"https:\/\/etis.ba\/index.php?rest_route=%2Fwp%2Fv2%2Fproduct_brand&post=22319"},{"taxonomy":"product_cat","embeddable":true,"href":"https:\/\/etis.ba\/index.php?rest_route=%2Fwp%2Fv2%2Fproduct_cat&post=22319"},{"taxonomy":"product_tag","embeddable":true,"href":"https:\/\/etis.ba\/index.php?rest_route=%2Fwp%2Fv2%2Fproduct_tag&post=22319"}],"curies":[{"name":"wp","href":"https:\/\/api.w.org\/{rel}","templated":true}]}}