{"id":22313,"date":"2025-12-15T00:57:36","date_gmt":"2025-12-14T23:57:36","guid":{"rendered":"https:\/\/etis.ba\/?post_type=product&#038;p=22313"},"modified":"2025-12-15T00:58:48","modified_gmt":"2025-12-14T23:58:48","slug":"midea-klima-gaia-35kw-uj-i-vj-12k","status":"publish","type":"product","link":"https:\/\/etis.ba\/?product=midea-klima-gaia-35kw-uj-i-vj-12k","title":{"rendered":"Midea klima GAIA 3,5kW UJ i VJ 12K"},"content":{"rendered":"<p data-pm-slice=\"1 1 []\"><strong>UJ: MSCA1BU-12HRFN8-QRD6GW<\/strong><\/p>\n<p><strong>VJ: MOX230-12HFN8-QrD6GW<br \/>\n<\/strong>MIDEA Klima GAIA 12HRFN8 12000 BTU\u00a0je premium inverter klima ure\u0111aj energetske klase\u00a0A+++\/A++\u00a0sa ekolo\u0161kim gasom\u00a0R32, namijenjen za hla\u0111enje i grijanje prostorija do oko 35 m\u00b2. Zahvaljuju\u0107i visokoj sezonskoj efikasnosti (SEER 8,5,\u00a0SCOP 4,6), jonizatoru, dual filteru, tihom\/no\u0107nom re\u017eimu rada i \u0161irokom radnom opsegu (grijanje do -25 \u00b0C, hla\u0111enje do\u00a0+50 \u00b0C), obezbje\u0111uje udoban, zdrav i veoma ekonomi\u010dan rad tokom cijele godine.<strong><br \/>\n<\/strong><\/p>\n<p>&nbsp;<\/p>\n<table class=\"product-full-desc-table\">\n<tbody>\n<tr>\n<td class=\"feature-title\" colspan=\"2\">Midea klima ure\u0111aj 12HRFN8<\/td>\n<\/tr>\n<tr>\n<td class=\"feature-title\" colspan=\"2\">Inverter klima ure\u0111aj<\/td>\n<\/tr>\n<tr>\n<td class=\"feature\">Kapacitet klima ure\u0111aja<\/td>\n<td>12000 BTU<\/td>\n<\/tr>\n<tr>\n<td class=\"feature\">Kapacitet hla\u0111enja<\/td>\n<td>12000 BTU (4500~14900)<\/td>\n<\/tr>\n<tr>\n<td class=\"feature\">Kapacitet grijanja<\/td>\n<td>13000 BTU (3000~15500)<\/td>\n<\/tr>\n<tr>\n<td class=\"feature\">Energetska klasa (hla\/gre)<\/td>\n<td>A+++\/A++<\/td>\n<\/tr>\n<tr>\n<td class=\"feature\">Gas<\/td>\n<td>R32<\/td>\n<\/tr>\n<tr>\n<td class=\"feature\">SEER<\/td>\n<td>8,5<\/td>\n<\/tr>\n<tr>\n<td class=\"feature\">SCOP<\/td>\n<td>4,6<\/td>\n<\/tr>\n<tr>\n<td class=\"feature\">Ulazna snaga hla\u0111enja<\/td>\n<td>980\uff08130~1700) W<\/td>\n<\/tr>\n<tr>\n<td class=\"feature\">Ulazna snaga grejanja<\/td>\n<td>950\uff08120~1550) W<\/td>\n<\/tr>\n<tr>\n<td class=\"feature\">Temperaturni opseg hla\u0111enja<\/td>\n<td>-15 do +50 \u00b0C<\/td>\n<\/tr>\n<tr>\n<td class=\"feature\">Temperaturni opseg grijanja<\/td>\n<td>-25 do +30 \u00b0C<\/td>\n<\/tr>\n<tr>\n<td class=\"feature\">Protok vazduha<\/td>\n<td>580\/444\/312 m3\/h<\/td>\n<\/tr>\n<tr>\n<td class=\"feature\">Nivo buke UJ<\/td>\n<td>38\/33\/21,5 dB<\/td>\n<\/tr>\n<tr>\n<td class=\"feature\">Nivo buke SJ<\/td>\n<td>53 dB<\/td>\n<\/tr>\n<tr>\n<td class=\"feature-title\" colspan=\"2\">WiFi ready (WiFi adapter se zasebno dokupljuje)<\/td>\n<\/tr>\n<tr>\n<td class=\"feature-title\" colspan=\"2\">Jonizator<\/td>\n<\/tr>\n<tr>\n<td class=\"feature\">Dual filter<\/td>\n<td>hladni kataliti\u0161ki filter i mre\u017eica za pra\u0161inu velike gustine<\/td>\n<\/tr>\n<tr>\n<td class=\"feature-title\" colspan=\"2\">Daljinski upravlja\u010d sa Follow me funkcijom<\/td>\n<\/tr>\n<tr>\n<td class=\"feature-title\" colspan=\"2\">Skriveni displej<\/td>\n<\/tr>\n<tr>\n<td class=\"feature-title\" colspan=\"2\">Samo-\u010di\u0161\u0107enje<\/td>\n<\/tr>\n<tr>\n<td class=\"feature-title\" colspan=\"2\">Aluminijumski izmj enjiva\u010d toplote<\/td>\n<\/tr>\n<tr>\n<td class=\"feature-title\" colspan=\"2\">Turbo funkcija za brzo hla\u0111enje \/ grijanje<\/td>\n<\/tr>\n<tr>\n<td class=\"feature-title\" colspan=\"2\">Funkcija \u201cne uznemiravaj\u201d<\/td>\n<\/tr>\n<tr>\n<td class=\"feature-title\" colspan=\"2\">Silky Cool<\/td>\n<\/tr>\n<tr>\n<td class=\"feature-title\" colspan=\"2\">No\u0107ni mod<\/td>\n<\/tr>\n<tr>\n<td class=\"feature-title\" colspan=\"2\">Ovla\u017eiva\u010d vazduha<\/td>\n<\/tr>\n<tr>\n<td class=\"feature-title\" colspan=\"2\">\u0160irok ugao protoka vazduha<\/td>\n<\/tr>\n<tr>\n<td class=\"feature-title\" colspan=\"2\">Funkcija automatskog kretanja horizontalnih i vertikalnih krilaca<\/td>\n<\/tr>\n<tr>\n<td class=\"feature-title\" colspan=\"2\">Hla\u0111enje i pri niskim temperaturama<\/td>\n<\/tr>\n<tr>\n<td class=\"feature-title\" colspan=\"2\">Za\u0161tita od hladnog izduvavanja pri grijanju<\/td>\n<\/tr>\n<tr>\n<td class=\"feature-title\" colspan=\"2\">Autorestart<\/td>\n<\/tr>\n<tr>\n<td class=\"feature-title\" colspan=\"2\">Samodijagnostika<\/td>\n<\/tr>\n<tr>\n<td class=\"feature\">Cijev za te\u010dnost<\/td>\n<td>6,35 mm<\/td>\n<\/tr>\n<tr>\n<td class=\"feature\">Cijev za gas<\/td>\n<td>9,52 mm<\/td>\n<\/tr>\n<tr>\n<td class=\"feature\">Maksimalna du\u017eina cijevi<\/td>\n<td>25 m<\/td>\n<\/tr>\n<tr>\n<td class=\"feature\">Maksimalna visinska razlika<\/td>\n<td>10 m<\/td>\n<\/tr>\n<tr>\n<td class=\"feature\">Napajanje<\/td>\n<td>220-240 V\/1\/50 Hz<\/td>\n<\/tr>\n<tr>\n<td class=\"feature\">Dimenzije unutra\u0161nje jedinice<\/td>\n<td>1000 x 335 x 212 mm<\/td>\n<\/tr>\n<tr>\n<td class=\"feature\">Dimenzije spolja\u0161nje jedinice<\/td>\n<td>765 x 555 x 303 mm<\/td>\n<\/tr>\n<tr>\n<td class=\"feature\">Te\u017eina unutra\u0161nje jedinice<\/td>\n<td>13,4 kg<\/td>\n<\/tr>\n<tr>\n<td class=\"feature\">Te\u017eina spolja\u0161nje jedinice<\/td>\n<td>26,4 kg<\/td>\n<\/tr>\n<tr>\n<td class=\"feature\">Boja<\/td>\n<td>bela<\/td>\n<\/tr>\n<\/tbody>\n<\/table>\n","protected":false},"excerpt":{"rendered":"<ul>\n<li><strong>U\u010dinak hla\u0111enja (kW): \u2248\u202f3.52<\/strong><\/li>\n<li><strong>U\u010dinak grijanja (kW): \u2248\u202f3.81<\/strong><\/li>\n<li><strong>Energetski razred: A+++ \/ A++<\/strong><\/li>\n<li><strong>Veli\u010dina prostorije (m\u00b2): 26\u201335 m\u00b2\u00a0<\/strong><\/li>\n<li><strong>Garancija: 3\u20135 godina\u00a0<\/strong><\/li>\n<\/ul>\n","protected":false},"featured_media":22314,"comment_status":"open","ping_status":"closed","template":"","meta":{"_vp_format_video_url":"","_vp_image_focal_point":[]},"product_brand":[110],"product_cat":[105,102],"product_tag":[],"class_list":{"0":"post-22313","1":"product","2":"type-product","3":"status-publish","4":"has-post-thumbnail","6":"product_brand-midea","7":"product_cat-klima-uredjaji","8":"product_cat-midea-klime","10":"first","11":"instock","12":"shipping-taxable","13":"product-type-simple"},"_links":{"self":[{"href":"https:\/\/etis.ba\/index.php?rest_route=\/wp\/v2\/product\/22313","targetHints":{"allow":["GET"]}}],"collection":[{"href":"https:\/\/etis.ba\/index.php?rest_route=\/wp\/v2\/product"}],"about":[{"href":"https:\/\/etis.ba\/index.php?rest_route=\/wp\/v2\/types\/product"}],"replies":[{"embeddable":true,"href":"https:\/\/etis.ba\/index.php?rest_route=%2Fwp%2Fv2%2Fcomments&post=22313"}],"wp:featuredmedia":[{"embeddable":true,"href":"https:\/\/etis.ba\/index.php?rest_route=\/wp\/v2\/media\/22314"}],"wp:attachment":[{"href":"https:\/\/etis.ba\/index.php?rest_route=%2Fwp%2Fv2%2Fmedia&parent=22313"}],"wp:term":[{"taxonomy":"product_brand","embeddable":true,"href":"https:\/\/etis.ba\/index.php?rest_route=%2Fwp%2Fv2%2Fproduct_brand&post=22313"},{"taxonomy":"product_cat","embeddable":true,"href":"https:\/\/etis.ba\/index.php?rest_route=%2Fwp%2Fv2%2Fproduct_cat&post=22313"},{"taxonomy":"product_tag","embeddable":true,"href":"https:\/\/etis.ba\/index.php?rest_route=%2Fwp%2Fv2%2Fproduct_tag&post=22313"}],"curies":[{"name":"wp","href":"https:\/\/api.w.org\/{rel}","templated":true}]}}