{"id":22301,"date":"2025-12-15T00:14:47","date_gmt":"2025-12-14T23:14:47","guid":{"rendered":"https:\/\/etis.ba\/?post_type=product&#038;p=22301"},"modified":"2025-12-15T00:18:22","modified_gmt":"2025-12-14T23:18:22","slug":"midea-klima-xtreme-save-35kw-uj-i-vj-12k","status":"publish","type":"product","link":"https:\/\/etis.ba\/?product=midea-klima-xtreme-save-35kw-uj-i-vj-12k","title":{"rendered":"Midea klima XTREME SAVE 3,5kW UJ i VJ 12K"},"content":{"rendered":"<p><strong>UJ: MSAGBU-12HRFNX<\/strong><br data-start=\"35\" data-end=\"38\" \/><strong>VJ: MOX102-12HFN8<\/strong><\/p>\n<p><img fetchpriority=\"high\" decoding=\"async\" class=\"alignnone wp-image-22295 size-large\" src=\"https:\/\/etis.ba\/wp-content\/uploads\/2025\/12\/Screenshot_14-1024x375.png\" alt=\"\" width=\"1024\" height=\"375\" srcset=\"https:\/\/etis.ba\/wp-content\/uploads\/2025\/12\/Screenshot_14-1024x375.png 1024w, https:\/\/etis.ba\/wp-content\/uploads\/2025\/12\/Screenshot_14-300x110.png 300w, https:\/\/etis.ba\/wp-content\/uploads\/2025\/12\/Screenshot_14-768x282.png 768w, https:\/\/etis.ba\/wp-content\/uploads\/2025\/12\/Screenshot_14-340x125.png 340w, https:\/\/etis.ba\/wp-content\/uploads\/2025\/12\/Screenshot_14-500x183.png 500w, https:\/\/etis.ba\/wp-content\/uploads\/2025\/12\/Screenshot_14-800x293.png 800w, https:\/\/etis.ba\/wp-content\/uploads\/2025\/12\/Screenshot_14-1000x367.png 1000w, https:\/\/etis.ba\/wp-content\/uploads\/2025\/12\/Screenshot_14.png 1154w\" sizes=\"(max-width: 1024px) 100vw, 1024px\" \/><\/p>\n<p><img decoding=\"async\" class=\"alignnone wp-image-22294 size-large\" src=\"https:\/\/etis.ba\/wp-content\/uploads\/2025\/12\/Screenshot_15-1024x291.png\" alt=\"\" width=\"1024\" height=\"291\" srcset=\"https:\/\/etis.ba\/wp-content\/uploads\/2025\/12\/Screenshot_15-1024x291.png 1024w, https:\/\/etis.ba\/wp-content\/uploads\/2025\/12\/Screenshot_15-300x85.png 300w, https:\/\/etis.ba\/wp-content\/uploads\/2025\/12\/Screenshot_15-768x218.png 768w, https:\/\/etis.ba\/wp-content\/uploads\/2025\/12\/Screenshot_15-340x97.png 340w, https:\/\/etis.ba\/wp-content\/uploads\/2025\/12\/Screenshot_15-500x142.png 500w, https:\/\/etis.ba\/wp-content\/uploads\/2025\/12\/Screenshot_15-800x227.png 800w, https:\/\/etis.ba\/wp-content\/uploads\/2025\/12\/Screenshot_15-1000x284.png 1000w, https:\/\/etis.ba\/wp-content\/uploads\/2025\/12\/Screenshot_15.png 1053w\" sizes=\"(max-width: 1024px) 100vw, 1024px\" \/><\/p>\n<p><img decoding=\"async\" class=\"alignnone wp-image-22296 size-full\" src=\"https:\/\/etis.ba\/wp-content\/uploads\/2025\/12\/Screenshot_16-1.png\" alt=\"\" width=\"931\" height=\"145\" srcset=\"https:\/\/etis.ba\/wp-content\/uploads\/2025\/12\/Screenshot_16-1.png 931w, https:\/\/etis.ba\/wp-content\/uploads\/2025\/12\/Screenshot_16-1-300x47.png 300w, https:\/\/etis.ba\/wp-content\/uploads\/2025\/12\/Screenshot_16-1-768x120.png 768w, https:\/\/etis.ba\/wp-content\/uploads\/2025\/12\/Screenshot_16-1-340x53.png 340w, https:\/\/etis.ba\/wp-content\/uploads\/2025\/12\/Screenshot_16-1-500x78.png 500w, https:\/\/etis.ba\/wp-content\/uploads\/2025\/12\/Screenshot_16-1-800x125.png 800w\" sizes=\"(max-width: 931px) 100vw, 931px\" \/><\/p>\n<p>&nbsp;<\/p>\n<p>\u2022 Wi-Fi kontrola \u2022 Filter velike gustine \u2022 Hladni katalizatorski filter \u2022 Mod tihog rada \u2022 Funkcija follow me \u2022 Automatski restart \u2022 Breeze Away \u2022 Odvod kondenzata na dvije strane \u2022 Mogu\u0107nost povezivanja na \u017ei\u010dani daljinski \u2022 Automatsko odmrzavanje<\/p>\n","protected":false},"excerpt":{"rendered":"<ul>\n<li><strong>U\u010dinak hla\u0111enja (kW): 3.50<\/strong><\/li>\n<li><strong>U\u010dinak grijanja (kW): 3.81<\/strong><\/li>\n<li><strong>Energetski razred: A++ \/ A+<\/strong><\/li>\n<li><strong>Veli\u010dina prostorije (m\u00b2): 26\u201335<\/strong><\/li>\n<li><strong>Garancija: 3 godine<\/strong><\/li>\n<\/ul>\n<p><img loading=\"lazy\" decoding=\"async\" class=\"alignnone wp-image-22292 size-full\" src=\"https:\/\/etis.ba\/wp-content\/uploads\/2025\/12\/Artboard-1.png\" alt=\"\" width=\"564\" height=\"128\" srcset=\"https:\/\/etis.ba\/wp-content\/uploads\/2025\/12\/Artboard-1.png 564w, https:\/\/etis.ba\/wp-content\/uploads\/2025\/12\/Artboard-1-300x68.png 300w, https:\/\/etis.ba\/wp-content\/uploads\/2025\/12\/Artboard-1-340x77.png 340w, https:\/\/etis.ba\/wp-content\/uploads\/2025\/12\/Artboard-1-500x113.png 500w\" sizes=\"(max-width: 564px) 100vw, 564px\" \/><\/p>\n","protected":false},"featured_media":22297,"comment_status":"open","ping_status":"closed","template":"","meta":{"_vp_format_video_url":"","_vp_image_focal_point":[]},"product_brand":[110],"product_cat":[105,102],"product_tag":[],"class_list":{"0":"post-22301","1":"product","2":"type-product","3":"status-publish","4":"has-post-thumbnail","6":"product_brand-midea","7":"product_cat-klima-uredjaji","8":"product_cat-midea-klime","10":"first","11":"instock","12":"shipping-taxable","13":"product-type-simple"},"_links":{"self":[{"href":"https:\/\/etis.ba\/index.php?rest_route=\/wp\/v2\/product\/22301","targetHints":{"allow":["GET"]}}],"collection":[{"href":"https:\/\/etis.ba\/index.php?rest_route=\/wp\/v2\/product"}],"about":[{"href":"https:\/\/etis.ba\/index.php?rest_route=\/wp\/v2\/types\/product"}],"replies":[{"embeddable":true,"href":"https:\/\/etis.ba\/index.php?rest_route=%2Fwp%2Fv2%2Fcomments&post=22301"}],"wp:featuredmedia":[{"embeddable":true,"href":"https:\/\/etis.ba\/index.php?rest_route=\/wp\/v2\/media\/22297"}],"wp:attachment":[{"href":"https:\/\/etis.ba\/index.php?rest_route=%2Fwp%2Fv2%2Fmedia&parent=22301"}],"wp:term":[{"taxonomy":"product_brand","embeddable":true,"href":"https:\/\/etis.ba\/index.php?rest_route=%2Fwp%2Fv2%2Fproduct_brand&post=22301"},{"taxonomy":"product_cat","embeddable":true,"href":"https:\/\/etis.ba\/index.php?rest_route=%2Fwp%2Fv2%2Fproduct_cat&post=22301"},{"taxonomy":"product_tag","embeddable":true,"href":"https:\/\/etis.ba\/index.php?rest_route=%2Fwp%2Fv2%2Fproduct_tag&post=22301"}],"curies":[{"name":"wp","href":"https:\/\/api.w.org\/{rel}","templated":true}]}}