{"id":22284,"date":"2025-12-15T00:02:06","date_gmt":"2025-12-14T23:02:06","guid":{"rendered":"https:\/\/etis.ba\/?post_type=product&#038;p=22284"},"modified":"2025-12-15T00:04:09","modified_gmt":"2025-12-14T23:04:09","slug":"midea-klima-xtreme-save-pro-black","status":"publish","type":"product","link":"https:\/\/etis.ba\/?product=midea-klima-xtreme-save-pro-black","title":{"rendered":"Midea Klima XTREME SAVE PRO BLACK 3.5kW UJ i VJ 12K"},"content":{"rendered":"<p><b>UJ: MSAGBU-12HRFN8-QRD1GW<br data-start=\"104\" data-end=\"107\" \/>VJ: MOX201-12HFN8-QRD1GW<\/p>\n<p>SEER<\/b>\u00a0i\u00a0<b>SCOP<\/b>\u00a0ozna\u010davaju sezonsku efikasnost hla\u0111enja i grijanja \u2013 \u0161to su ve\u0107i, ure\u0111aj tro\u0161i manje elektri\u010dne energije za isti u\u010dinak.<\/p>\n<p>Standardno uklju\u010dene funkcije:<\/p>\n<ul>\n<li aria-level=\"1\">Wi-Fi kontrola<\/li>\n<li aria-level=\"1\">Horizontalni i vertikalni auto swing klapni<\/li>\n<li aria-level=\"1\">Grija\u010d kompresora i tavice kondenzata<\/li>\n<li aria-level=\"1\">UV lampa i funkcija samostalnog \u010di\u0161\u0107enja<\/li>\n<li aria-level=\"1\">No\u0107ni re\u017eim, ECO mod i re\u017eim 8 \u00b0C grijanja (za za\u0161titu od smrzavanja)<\/li>\n<li aria-level=\"1\">Detekcija gubitka freona, automatski restart, funkcija \u201cFollow Me\u201d<\/li>\n<\/ul>\n<p>Radi na freonu R32 i funkcioni\u0161e u temperaturnim opsezima:<\/p>\n<ul>\n<li>Grijanje: vanjska temperatura od -20\u00b0C do +24\u00b0C<\/li>\n<li>Hla\u0111enje: vanjska temperatura od -15\u00b0C do +50\u00b0C<\/li>\n<\/ul>\n<p>Ure\u0111aj ima moderni dizajn, kompaktne dimenzije unutra\u0161nje jedinice (295\u00d7835\u00d7208 mm) i visoku pouzdanost, \u010dine\u0107i ga pogodnim za \u0161irok spektar stambenih i poslovnih prostora.<\/p>\n<p><img fetchpriority=\"high\" decoding=\"async\" class=\"alignnone wp-image-22290 size-large\" src=\"https:\/\/etis.ba\/wp-content\/uploads\/2025\/12\/Screenshot_8-1024x169.png\" alt=\"\" width=\"1024\" height=\"169\" srcset=\"https:\/\/etis.ba\/wp-content\/uploads\/2025\/12\/Screenshot_8-1024x169.png 1024w, https:\/\/etis.ba\/wp-content\/uploads\/2025\/12\/Screenshot_8-300x49.png 300w, https:\/\/etis.ba\/wp-content\/uploads\/2025\/12\/Screenshot_8-768x126.png 768w, https:\/\/etis.ba\/wp-content\/uploads\/2025\/12\/Screenshot_8-340x56.png 340w, https:\/\/etis.ba\/wp-content\/uploads\/2025\/12\/Screenshot_8-500x82.png 500w, https:\/\/etis.ba\/wp-content\/uploads\/2025\/12\/Screenshot_8-800x132.png 800w, https:\/\/etis.ba\/wp-content\/uploads\/2025\/12\/Screenshot_8-1000x165.png 1000w, https:\/\/etis.ba\/wp-content\/uploads\/2025\/12\/Screenshot_8.png 1051w\" sizes=\"(max-width: 1024px) 100vw, 1024px\" \/><\/p>\n<p><img decoding=\"async\" class=\"alignnone wp-image-22289 size-full\" src=\"https:\/\/etis.ba\/wp-content\/uploads\/2025\/12\/Screenshot_9.png\" alt=\"\" width=\"620\" height=\"279\" srcset=\"https:\/\/etis.ba\/wp-content\/uploads\/2025\/12\/Screenshot_9.png 620w, https:\/\/etis.ba\/wp-content\/uploads\/2025\/12\/Screenshot_9-300x135.png 300w, https:\/\/etis.ba\/wp-content\/uploads\/2025\/12\/Screenshot_9-340x153.png 340w, https:\/\/etis.ba\/wp-content\/uploads\/2025\/12\/Screenshot_9-500x225.png 500w\" sizes=\"(max-width: 620px) 100vw, 620px\" \/><\/p>\n<p>&nbsp;<\/p>\n<p>&nbsp;<\/p>\n<p>&nbsp;<\/p>\n<p>&nbsp;<\/p>\n","protected":false},"excerpt":{"rendered":"<ul>\n<li><strong>U\u010dinak hla\u0111enja (kW): 3.5<\/strong><\/li>\n<li><strong>U\u010dinak grijanja (kW): 3.8<\/strong><\/li>\n<li><strong>Energetski razred: A++<\/strong><\/li>\n<li><strong>Veli\u010dina prostorije (m\u00b2): 30\u201335 m\u00b2<\/strong><\/li>\n<li><strong>Garancija: 3 godine<\/strong><\/li>\n<\/ul>\n<p><img decoding=\"async\" class=\"alignnone wp-image-22256 size-full\" src=\"https:\/\/etis.ba\/wp-content\/uploads\/2025\/12\/r2.png\" alt=\"\" width=\"567\" height=\"114\" srcset=\"https:\/\/etis.ba\/wp-content\/uploads\/2025\/12\/r2.png 567w, https:\/\/etis.ba\/wp-content\/uploads\/2025\/12\/r2-300x60.png 300w, https:\/\/etis.ba\/wp-content\/uploads\/2025\/12\/r2-340x68.png 340w, https:\/\/etis.ba\/wp-content\/uploads\/2025\/12\/r2-500x101.png 500w\" sizes=\"(max-width: 567px) 100vw, 567px\" \/><\/p>\n","protected":false},"featured_media":22285,"comment_status":"open","ping_status":"closed","template":"","meta":{"_vp_format_video_url":"","_vp_image_focal_point":[]},"product_brand":[110],"product_cat":[105,102],"product_tag":[],"class_list":{"0":"post-22284","1":"product","2":"type-product","3":"status-publish","4":"has-post-thumbnail","6":"product_brand-midea","7":"product_cat-klima-uredjaji","8":"product_cat-midea-klime","10":"first","11":"instock","12":"shipping-taxable","13":"product-type-simple"},"_links":{"self":[{"href":"https:\/\/etis.ba\/index.php?rest_route=\/wp\/v2\/product\/22284","targetHints":{"allow":["GET"]}}],"collection":[{"href":"https:\/\/etis.ba\/index.php?rest_route=\/wp\/v2\/product"}],"about":[{"href":"https:\/\/etis.ba\/index.php?rest_route=\/wp\/v2\/types\/product"}],"replies":[{"embeddable":true,"href":"https:\/\/etis.ba\/index.php?rest_route=%2Fwp%2Fv2%2Fcomments&post=22284"}],"wp:featuredmedia":[{"embeddable":true,"href":"https:\/\/etis.ba\/index.php?rest_route=\/wp\/v2\/media\/22285"}],"wp:attachment":[{"href":"https:\/\/etis.ba\/index.php?rest_route=%2Fwp%2Fv2%2Fmedia&parent=22284"}],"wp:term":[{"taxonomy":"product_brand","embeddable":true,"href":"https:\/\/etis.ba\/index.php?rest_route=%2Fwp%2Fv2%2Fproduct_brand&post=22284"},{"taxonomy":"product_cat","embeddable":true,"href":"https:\/\/etis.ba\/index.php?rest_route=%2Fwp%2Fv2%2Fproduct_cat&post=22284"},{"taxonomy":"product_tag","embeddable":true,"href":"https:\/\/etis.ba\/index.php?rest_route=%2Fwp%2Fv2%2Fproduct_tag&post=22284"}],"curies":[{"name":"wp","href":"https:\/\/api.w.org\/{rel}","templated":true}]}}