{"id":22273,"date":"2025-12-14T23:21:27","date_gmt":"2025-12-14T22:21:27","guid":{"rendered":"https:\/\/etis.ba\/?post_type=product&#038;p=22273"},"modified":"2025-12-14T23:24:06","modified_gmt":"2025-12-14T22:24:06","slug":"midea-klima-breezeless-s-35kw-uj-i-vj-12k-inverter","status":"publish","type":"product","link":"https:\/\/etis.ba\/?product=midea-klima-breezeless-s-35kw-uj-i-vj-12k-inverter","title":{"rendered":"Midea klima BREEZELESS-S 3,5kW UJ i VJ 12K Inverter"},"content":{"rendered":"<p>MSFAAU-12HRFN8-QRD6GW<br \/>\nMOX230-12HFN8-QRD6GW<\/p>\n<p>SEER i SCOP predstavljaju sezonske koeficijente efikasnosti, pri \u010demu ve\u0107e vrijednosti ozna\u010davaju manju potro\u0161nju energije i ve\u0107u efikasnost tokom cijele sezone.<\/p>\n<p><b>Standardno uklju\u010dene funkcije:<\/b><\/p>\n<ul>\n<li aria-level=\"1\">Wi-Fi kontrola<\/li>\n<li aria-level=\"1\">Inovativni raspr\u0161iva\u010d vazduha Silky Cool (tehnologija Breezeless)<\/li>\n<li aria-level=\"1\">Daljinski upravlja\u010d sa Follow Me funkcijom<\/li>\n<li aria-level=\"1\">Filter (mre\u017eica) za pra\u0161inu velike gustine<\/li>\n<li aria-level=\"1\">Skriveni displej<\/li>\n<li aria-level=\"1\">Samostalno \u010di\u0161\u0107enje<\/li>\n<li aria-level=\"1\">Turbo funkcija za brzo hla\u0111enje\/grijanje<\/li>\n<li aria-level=\"1\">Funkcija \u201eNe uznemiravaj\u201d<\/li>\n<li aria-level=\"1\">Nizak nivo buke i no\u0107ni mod<\/li>\n<li aria-level=\"1\">Ovla\u017eiva\u010d vazduha i \u0161irok ugao protoka vazduha<\/li>\n<li aria-level=\"1\">Automatsko pomjeranje klapni (horizontalno i vertikalno)<\/li>\n<li aria-level=\"1\">Hla\u0111enje i pri niskim temperaturama<\/li>\n<li aria-level=\"1\">Automatski restart, samodijagnostika i detekcija gubitka freona<\/li>\n<li aria-level=\"1\">Grija\u010d tavice i grija\u010d kompresora<\/li>\n<\/ul>\n<p><strong>Radni opseg:<\/strong><\/p>\n<ul>\n<li aria-level=\"1\">Grijanje: vanjska temperatura od\u00a0 -25\u00b0C do +24\u00b0C<\/li>\n<li aria-level=\"1\">Hla\u0111enje: vanjska temperatura od\u00a0 -15\u00b0C do +50\u00b0C<\/li>\n<\/ul>\n<p><b>Dodatne pogodnosti:<\/b><\/p>\n<ul>\n<li aria-level=\"1\">7.928 mikro-otvora omogu\u0107ava nje\u017eno hla\u0111enje poput povjetarca<\/li>\n<li aria-level=\"1\">Tri na\u010dina rada (Breeze Away, Breeze Mild, Breezeless+)<\/li>\n<li aria-level=\"1\">Optimiziran dizajn za tihi rad<\/li>\n<li aria-level=\"1\">360\u00b0 protok zraka za ravnomjerno hla\u0111enje prostora<\/li>\n<\/ul>\n<p>Uz elegantan dizajn i dimenzije unutra\u0161nje jedinice od 325\u00d7940\u00d7193 mm, Midea Breezeless-S nudi vrhunsku udobnost, posebno pogodnu za stambene prostore gdje je va\u017ean balans izme\u0111u efikasnosti i ti\u0161ine.<\/p>\n<p>&nbsp;<\/p>\n<p><img fetchpriority=\"high\" decoding=\"async\" class=\"alignnone wp-image-22279 size-full\" src=\"https:\/\/etis.ba\/wp-content\/uploads\/2025\/12\/brr.png\" alt=\"\" width=\"1279\" height=\"405\" srcset=\"https:\/\/etis.ba\/wp-content\/uploads\/2025\/12\/brr.png 1279w, https:\/\/etis.ba\/wp-content\/uploads\/2025\/12\/brr-300x95.png 300w, https:\/\/etis.ba\/wp-content\/uploads\/2025\/12\/brr-1024x324.png 1024w, https:\/\/etis.ba\/wp-content\/uploads\/2025\/12\/brr-768x243.png 768w, https:\/\/etis.ba\/wp-content\/uploads\/2025\/12\/brr-340x108.png 340w, https:\/\/etis.ba\/wp-content\/uploads\/2025\/12\/brr-500x158.png 500w, https:\/\/etis.ba\/wp-content\/uploads\/2025\/12\/brr-800x253.png 800w, https:\/\/etis.ba\/wp-content\/uploads\/2025\/12\/brr-1000x317.png 1000w\" sizes=\"(max-width: 1279px) 100vw, 1279px\" \/><\/p>\n<p><img decoding=\"async\" class=\"alignnone wp-image-22282 size-full\" src=\"https:\/\/etis.ba\/wp-content\/uploads\/2025\/12\/breezeles-s.png\" alt=\"\" width=\"1019\" height=\"183\" srcset=\"https:\/\/etis.ba\/wp-content\/uploads\/2025\/12\/breezeles-s.png 1019w, https:\/\/etis.ba\/wp-content\/uploads\/2025\/12\/breezeles-s-300x54.png 300w, https:\/\/etis.ba\/wp-content\/uploads\/2025\/12\/breezeles-s-768x138.png 768w, https:\/\/etis.ba\/wp-content\/uploads\/2025\/12\/breezeles-s-340x61.png 340w, https:\/\/etis.ba\/wp-content\/uploads\/2025\/12\/breezeles-s-500x90.png 500w, https:\/\/etis.ba\/wp-content\/uploads\/2025\/12\/breezeles-s-800x144.png 800w, https:\/\/etis.ba\/wp-content\/uploads\/2025\/12\/breezeles-s-1000x180.png 1000w\" sizes=\"(max-width: 1019px) 100vw, 1019px\" \/><\/p>\n<p><img decoding=\"async\" class=\"alignnone wp-image-22281 size-full\" src=\"https:\/\/etis.ba\/wp-content\/uploads\/2025\/12\/breeeee.png\" alt=\"\" width=\"598\" height=\"268\" srcset=\"https:\/\/etis.ba\/wp-content\/uploads\/2025\/12\/breeeee.png 598w, https:\/\/etis.ba\/wp-content\/uploads\/2025\/12\/breeeee-300x134.png 300w, https:\/\/etis.ba\/wp-content\/uploads\/2025\/12\/breeeee-340x152.png 340w, https:\/\/etis.ba\/wp-content\/uploads\/2025\/12\/breeeee-500x224.png 500w\" sizes=\"(max-width: 598px) 100vw, 598px\" \/><\/p>\n<p>&nbsp;<\/p>\n<p><strong><img loading=\"lazy\" decoding=\"async\" class=\"alignnone wp-image-22280 size-vp_sm\" src=\"https:\/\/etis.ba\/wp-content\/uploads\/2025\/12\/brikone-500x335.png\" alt=\"\" width=\"500\" height=\"335\" srcset=\"https:\/\/etis.ba\/wp-content\/uploads\/2025\/12\/brikone-500x335.png 500w, https:\/\/etis.ba\/wp-content\/uploads\/2025\/12\/brikone-300x201.png 300w, https:\/\/etis.ba\/wp-content\/uploads\/2025\/12\/brikone-340x228.png 340w, https:\/\/etis.ba\/wp-content\/uploads\/2025\/12\/brikone.png 718w\" sizes=\"(max-width: 500px) 100vw, 500px\" \/><\/strong><\/p>\n<p>Fleksibilno hla\u0111enje<br \/>\nFleksibilni dizajn s dva preklopa<br \/>\nOdabir izme\u0111u 3 na\u010dina puhanja<br \/>\nkoji omogu\u0107uje nje\u017eno hla\u0111enje<\/p>\n<p>&nbsp;<\/p>\n","protected":false},"excerpt":{"rendered":"<ul>\n<li><strong>U\u010dinak hla\u0111enja (kW): 3.5<\/strong><\/li>\n<li><strong>U\u010dinak grijanja (kW): 3.8<\/strong><\/li>\n<li><strong>Energetski razred: A+++<\/strong><\/li>\n<li><strong>Veli\u010dina prostorije (m\u00b2): 30\u201335 m\u00b2<\/strong><\/li>\n<li><strong>Garancija: 3 godine<\/strong><\/li>\n<\/ul>\n<p><img loading=\"lazy\" decoding=\"async\" class=\"alignnone wp-image-22274 size-full\" src=\"https:\/\/etis.ba\/wp-content\/uploads\/2025\/12\/r32.png\" alt=\"\" width=\"493\" height=\"113\" srcset=\"https:\/\/etis.ba\/wp-content\/uploads\/2025\/12\/r32.png 493w, https:\/\/etis.ba\/wp-content\/uploads\/2025\/12\/r32-300x69.png 300w, https:\/\/etis.ba\/wp-content\/uploads\/2025\/12\/r32-340x78.png 340w\" sizes=\"(max-width: 493px) 100vw, 493px\" \/><\/p>\n","protected":false},"featured_media":22275,"comment_status":"open","ping_status":"closed","template":"","meta":{"_vp_format_video_url":"","_vp_image_focal_point":[]},"product_brand":[110],"product_cat":[105,102],"product_tag":[],"class_list":{"0":"post-22273","1":"product","2":"type-product","3":"status-publish","4":"has-post-thumbnail","6":"product_brand-midea","7":"product_cat-klima-uredjaji","8":"product_cat-midea-klime","10":"first","11":"instock","12":"shipping-taxable","13":"product-type-simple"},"_links":{"self":[{"href":"https:\/\/etis.ba\/index.php?rest_route=\/wp\/v2\/product\/22273","targetHints":{"allow":["GET"]}}],"collection":[{"href":"https:\/\/etis.ba\/index.php?rest_route=\/wp\/v2\/product"}],"about":[{"href":"https:\/\/etis.ba\/index.php?rest_route=\/wp\/v2\/types\/product"}],"replies":[{"embeddable":true,"href":"https:\/\/etis.ba\/index.php?rest_route=%2Fwp%2Fv2%2Fcomments&post=22273"}],"wp:featuredmedia":[{"embeddable":true,"href":"https:\/\/etis.ba\/index.php?rest_route=\/wp\/v2\/media\/22275"}],"wp:attachment":[{"href":"https:\/\/etis.ba\/index.php?rest_route=%2Fwp%2Fv2%2Fmedia&parent=22273"}],"wp:term":[{"taxonomy":"product_brand","embeddable":true,"href":"https:\/\/etis.ba\/index.php?rest_route=%2Fwp%2Fv2%2Fproduct_brand&post=22273"},{"taxonomy":"product_cat","embeddable":true,"href":"https:\/\/etis.ba\/index.php?rest_route=%2Fwp%2Fv2%2Fproduct_cat&post=22273"},{"taxonomy":"product_tag","embeddable":true,"href":"https:\/\/etis.ba\/index.php?rest_route=%2Fwp%2Fv2%2Fproduct_tag&post=22273"}],"curies":[{"name":"wp","href":"https:\/\/api.w.org\/{rel}","templated":true}]}}