{"id":22259,"date":"2025-12-14T23:01:06","date_gmt":"2025-12-14T22:01:06","guid":{"rendered":"https:\/\/etis.ba\/?post_type=product&#038;p=22259"},"modified":"2025-12-14T23:01:07","modified_gmt":"2025-12-14T22:01:07","slug":"midea-klima-all-easy-pro-25kw-uj-i-vj-9","status":"publish","type":"product","link":"https:\/\/etis.ba\/?product=midea-klima-all-easy-pro-25kw-uj-i-vj-9","title":{"rendered":"Midea Klima ALL EASY PRO 2,5kW UJ i VJ 9"},"content":{"rendered":"<p><strong data-start=\"48\" data-end=\"70\">Midea klima ALL EASY PRO 2,5 kW<\/strong><br data-start=\"70\" data-end=\"73\" \/><strong data-start=\"73\" data-end=\"80\">UJ:<\/strong> MSEPBU-09HRFN8-QRD6GW<br data-start=\"102\" data-end=\"105\" \/><strong data-start=\"105\" data-end=\"112\">VJ:<\/strong> MOX330-09HFN8-QRD6GW(GA)<\/p>\n<p>Sa\u00a0<b>SEER koeficijentom do 8,6<\/b>\u00a0i\u00a0<b>SCOP do 4,4<\/b>, ALL EASY PRO nudi visoku energetsku efikasnost (do klase\u00a0<b>A+++<\/b>).\u00a0<b>SEER<\/b>\u00a0mjeri efikasnost hla\u0111enja tokom sezone, dok\u00a0<b>SCOP<\/b>\u00a0pokazuje efikasnost grijanja u sezoni grijanja.<\/p>\n<p><img fetchpriority=\"high\" decoding=\"async\" class=\"alignnone wp-image-22262 size-full\" src=\"https:\/\/etis.ba\/wp-content\/uploads\/2025\/12\/alleasyicons.png\" alt=\"\" width=\"961\" height=\"224\" srcset=\"https:\/\/etis.ba\/wp-content\/uploads\/2025\/12\/alleasyicons.png 961w, https:\/\/etis.ba\/wp-content\/uploads\/2025\/12\/alleasyicons-300x70.png 300w, https:\/\/etis.ba\/wp-content\/uploads\/2025\/12\/alleasyicons-768x179.png 768w, https:\/\/etis.ba\/wp-content\/uploads\/2025\/12\/alleasyicons-340x79.png 340w, https:\/\/etis.ba\/wp-content\/uploads\/2025\/12\/alleasyicons-500x117.png 500w, https:\/\/etis.ba\/wp-content\/uploads\/2025\/12\/alleasyicons-800x186.png 800w\" sizes=\"(max-width: 961px) 100vw, 961px\" \/><\/p>\n<p>&nbsp;<\/p>\n<p><b>Standardno uklju\u010dene funkcije:<\/b><\/p>\n<ul>\n<li aria-level=\"1\">Wi-Fi kontrola i senzor \u201ePametno oko\u201c<\/li>\n<li aria-level=\"1\">3D Airflow (vertikalno i horizontalno strujanje zraka)<\/li>\n<li aria-level=\"1\">Bio filter i super ionizator<\/li>\n<li aria-level=\"1\">Samostalno \u010di\u0161\u0107enje i ECO mod<\/li>\n<li aria-level=\"1\">Breezevawe funkcija za nje\u017ean protok zraka<\/li>\n<li aria-level=\"1\">Tihi mod i funkcija grijanja tavice kondenzata<\/li>\n<li aria-level=\"1\">Filter velike gustine i grija\u010d kompresora<\/li>\n<li aria-level=\"1\">Opcija rada na 50%, 75% i 100% snage radi u\u0161tede energije<\/li>\n<\/ul>\n<p><b>Radni temperaturni opsezi:<\/b><\/p>\n<ul>\n<li aria-level=\"1\"><b>Grijanje:<\/b>\u00a0-25\u00b0C do +24\u00b0C<\/li>\n<li aria-level=\"1\"><b>Hla\u0111enje:<\/b>\u00a0-15\u00b0C do +50\u00b0C<\/li>\n<\/ul>\n<p><img decoding=\"async\" class=\"alignnone wp-image-22264 size-full\" src=\"https:\/\/etis.ba\/wp-content\/uploads\/2025\/12\/alleasypro.png\" alt=\"\" width=\"1014\" height=\"383\" srcset=\"https:\/\/etis.ba\/wp-content\/uploads\/2025\/12\/alleasypro.png 1014w, https:\/\/etis.ba\/wp-content\/uploads\/2025\/12\/alleasypro-300x113.png 300w, https:\/\/etis.ba\/wp-content\/uploads\/2025\/12\/alleasypro-768x290.png 768w, https:\/\/etis.ba\/wp-content\/uploads\/2025\/12\/alleasypro-340x128.png 340w, https:\/\/etis.ba\/wp-content\/uploads\/2025\/12\/alleasypro-500x189.png 500w, https:\/\/etis.ba\/wp-content\/uploads\/2025\/12\/alleasypro-800x302.png 800w, https:\/\/etis.ba\/wp-content\/uploads\/2025\/12\/alleasypro-1000x378.png 1000w\" sizes=\"(max-width: 1014px) 100vw, 1014px\" \/><\/p>\n<p><img decoding=\"async\" class=\"alignnone wp-image-22263 size-full\" src=\"https:\/\/etis.ba\/wp-content\/uploads\/2025\/12\/alleasyproo.png\" alt=\"\" width=\"920\" height=\"267\" srcset=\"https:\/\/etis.ba\/wp-content\/uploads\/2025\/12\/alleasyproo.png 920w, https:\/\/etis.ba\/wp-content\/uploads\/2025\/12\/alleasyproo-300x87.png 300w, https:\/\/etis.ba\/wp-content\/uploads\/2025\/12\/alleasyproo-768x223.png 768w, https:\/\/etis.ba\/wp-content\/uploads\/2025\/12\/alleasyproo-340x99.png 340w, https:\/\/etis.ba\/wp-content\/uploads\/2025\/12\/alleasyproo-500x145.png 500w, https:\/\/etis.ba\/wp-content\/uploads\/2025\/12\/alleasyproo-800x232.png 800w\" sizes=\"(max-width: 920px) 100vw, 920px\" \/><\/p>\n","protected":false},"excerpt":{"rendered":"<ul>\n<li><strong>U\u010dinak hla\u0111enja (kW)\u2003\u20032.6<\/strong><\/li>\n<li><strong>U\u010dinak grijanja (kW)\u2003\u20032.9<\/strong><\/li>\n<li><strong>Energetski razred\u2003\u2003\u2003A+++<\/strong><\/li>\n<li><strong>Veli\u010dina prostorije (m\u00b2)\u200320\u201325 m\u00b2<\/strong><\/li>\n<li><strong>Garancija\u2003\u2003\u2003\u2003\u20033 godine<\/strong><\/li>\n<\/ul>\n<p><img loading=\"lazy\" decoding=\"async\" class=\"alignnone wp-image-22260 size-full\" src=\"https:\/\/etis.ba\/wp-content\/uploads\/2025\/12\/r3222.png\" alt=\"\" width=\"439\" height=\"88\" srcset=\"https:\/\/etis.ba\/wp-content\/uploads\/2025\/12\/r3222.png 439w, https:\/\/etis.ba\/wp-content\/uploads\/2025\/12\/r3222-300x60.png 300w, https:\/\/etis.ba\/wp-content\/uploads\/2025\/12\/r3222-340x68.png 340w\" sizes=\"(max-width: 439px) 100vw, 439px\" \/><\/p>\n","protected":false},"featured_media":22265,"comment_status":"open","ping_status":"closed","template":"","meta":{"_vp_format_video_url":"","_vp_image_focal_point":[]},"product_brand":[110],"product_cat":[105,102],"product_tag":[],"class_list":{"0":"post-22259","1":"product","2":"type-product","3":"status-publish","4":"has-post-thumbnail","6":"product_brand-midea","7":"product_cat-klima-uredjaji","8":"product_cat-midea-klime","10":"first","11":"instock","12":"shipping-taxable","13":"product-type-simple"},"_links":{"self":[{"href":"https:\/\/etis.ba\/index.php?rest_route=\/wp\/v2\/product\/22259","targetHints":{"allow":["GET"]}}],"collection":[{"href":"https:\/\/etis.ba\/index.php?rest_route=\/wp\/v2\/product"}],"about":[{"href":"https:\/\/etis.ba\/index.php?rest_route=\/wp\/v2\/types\/product"}],"replies":[{"embeddable":true,"href":"https:\/\/etis.ba\/index.php?rest_route=%2Fwp%2Fv2%2Fcomments&post=22259"}],"wp:featuredmedia":[{"embeddable":true,"href":"https:\/\/etis.ba\/index.php?rest_route=\/wp\/v2\/media\/22265"}],"wp:attachment":[{"href":"https:\/\/etis.ba\/index.php?rest_route=%2Fwp%2Fv2%2Fmedia&parent=22259"}],"wp:term":[{"taxonomy":"product_brand","embeddable":true,"href":"https:\/\/etis.ba\/index.php?rest_route=%2Fwp%2Fv2%2Fproduct_brand&post=22259"},{"taxonomy":"product_cat","embeddable":true,"href":"https:\/\/etis.ba\/index.php?rest_route=%2Fwp%2Fv2%2Fproduct_cat&post=22259"},{"taxonomy":"product_tag","embeddable":true,"href":"https:\/\/etis.ba\/index.php?rest_route=%2Fwp%2Fv2%2Fproduct_tag&post=22259"}],"curies":[{"name":"wp","href":"https:\/\/api.w.org\/{rel}","templated":true}]}}