{"id":22194,"date":"2025-12-08T21:17:55","date_gmt":"2025-12-08T20:17:55","guid":{"rendered":"https:\/\/etis.ba\/?post_type=product&#038;p=22194"},"modified":"2025-12-15T23:06:39","modified_gmt":"2025-12-15T22:06:39","slug":"mitsubishi-inverter-klima-ef-5-0-kw-crna","status":"publish","type":"product","link":"https:\/\/etis.ba\/?product=mitsubishi-inverter-klima-ef-5-0-kw-crna","title":{"rendered":"Mitsubishi inverter klima EF 5.0 kW crna MSZ-EF50VGK\/MUZ-EF50VG"},"content":{"rendered":"<p><img fetchpriority=\"high\" decoding=\"async\" class=\"alignnone wp-image-22196 size-large\" src=\"https:\/\/etis.ba\/wp-content\/uploads\/2025\/12\/funkc-ef-1024x204.png\" alt=\"\" width=\"1024\" height=\"204\" srcset=\"https:\/\/etis.ba\/wp-content\/uploads\/2025\/12\/funkc-ef-1024x204.png 1024w, https:\/\/etis.ba\/wp-content\/uploads\/2025\/12\/funkc-ef-300x60.png 300w, https:\/\/etis.ba\/wp-content\/uploads\/2025\/12\/funkc-ef-768x153.png 768w, https:\/\/etis.ba\/wp-content\/uploads\/2025\/12\/funkc-ef-340x68.png 340w, https:\/\/etis.ba\/wp-content\/uploads\/2025\/12\/funkc-ef-1000x199.png 1000w, https:\/\/etis.ba\/wp-content\/uploads\/2025\/12\/funkc-ef-1300x259.png 1300w, https:\/\/etis.ba\/wp-content\/uploads\/2025\/12\/funkc-ef.png 1478w\" sizes=\"(max-width: 1024px) 100vw, 1024px\" \/><\/p>\n<p>STANDARDNO UKLJU\u010cENO<br \/>\n\u2022 Econo-cool funkcija<br \/>\n\u2022 Automatsko zakretanje<br \/>\nlopatica<br \/>\n\u2022 Automatska brzina ventilatora<br \/>\n\u2022 Automatsko prebacivanje<br \/>\nna\u010dina rada<br \/>\n\u2022 Silver-ion<br \/>\n\u2022 Filter za pro\u010di\u0161\u0107avanje zraka<br \/>\n\u2022 Sedmi\u010dni tajmer<br \/>\n\u2022 Samodijagnoza<br \/>\n\u2022 Hla\u0111enje pri niskim<br \/>\ntemperaturama<br \/>\n\u2022 I-save na\u010din rada<\/p>\n<p>Napredni model proizvo\u0111a\u010da Mitsubishi Electric dizajniran je u cijenjenom talijanskom studiju kako bi zadovoljio istan\u010dani ukus zahtjevnih korisnika. Dostupan je u dvije boje kako bi se idealno uklopio ba\u0161 u svaki interijer.<\/p>\n<p>Zahvaljuju\u0107i naprednoj inverterskoj tehnologiji,\u00a0<strong>Mitsubishi Electric Kirigamine Zen<\/strong>\u00a0nalazi se u razredu energetske u\u010dinkovitosti\u00a0<strong>A+++<\/strong>, a za dodatnu u\u0161tedu energije uklju\u010dena je i nova napredna funkcija \u201clow standby power\u201d kojom je potro\u0161nja energije u stanju pripravnosti smanjena za\u00a0<strong>90%<\/strong>, odnosno na samo\u00a0<strong>1W<\/strong>.<\/p>\n<p>Snagom od<strong>\u00a05.0 kW<\/strong>\u00a0osigurava upravo \u017eeljenu klimu u prostorijama do\u00a0<strong>55 m\u00b2.<\/strong><\/p>\n<p>Kako bi nesmetano i u svakom trenutku mogli u\u017eivati u tihom i pouzdanom radu va\u0161eg klima ure\u0111aja, tu su dodatne funkcije poput:\u00a0<strong>Tihi rad, Tjedni timer, Automatski restart, Automatska promjena re\u017eima rada, \u201ci save\u201d i Samodijagnoza.\u00a0<\/strong>Lako upravljanje omogu\u0107eno je infracrvenim daljinskim upravlja\u010dem i dodatnim opcionalnim rje\u0161enjima koja se prodaju zasebno:<\/p>\n<ul>\n<li><strong>WiFi su\u010delje<\/strong>\u00a0za be\u017ei\u010dnu kontrolu klima ure\u0111aja putem MEL Cloud aplikacije na va\u0161em ra\u010dunalu, tabletu ili pametnom telefonu<\/li>\n<li><strong>\u017ei\u010dano upravlja\u010dko su\u010delje<\/strong>\u00a0s pro\u0161irenim mogu\u0107nostima kontrole<\/li>\n<\/ul>\n<p>&nbsp;<\/p>\n<p>Uz pouzdano hla\u0111enje i grijanje, najva\u017enija zna\u010dajka kod klima ure\u0111aja svakako mora biti i podizanje kvalitete zraka i njegova ravnomjerna raspodjela u prostoriji. Upravo zato Kirigamine Zen serija dolazi s naprednom filtracijom, automatskim horizontalnim lamelama ispuha zraka i\u00a0<strong>Econo Cool<\/strong>\u00a0funkcijom koja prilago\u0111ava koli\u010dinu zraka usmjerenu prema tijelu na temelju temperature izlaznog zraka -na taj na\u010din tako\u0111er se posti\u017ee i\u00a0<strong>20%<\/strong>\u00a0-tni porast energetske u\u010dinkovitosti. Tako\u0111er, moramo napomenuti da uz standardnu filtraciju Kirigamine Zen dolazi i s dodatnim filterom s ionima srebra i naprednim\u00a0<strong>Nano Platinum Filterom\u00a0<\/strong>koji zahvaljuju\u0107i svojoj 3D povr\u0161ini iznimno u\u010dinkovito filtrira ne\u017eeljene \u010destice i neugodne mirise.<\/p>\n","protected":false},"excerpt":{"rendered":"<div>\n<ul>\n<li><strong>U\u010dinak hla\u0111enja (kW)\u00a0 \u00a05.0<\/strong><\/li>\n<li><strong>U\u010dinak grijanja (kW)\u00a0 \u00a0 \u00a05.8<\/strong><\/li>\n<li class=\"cp-attr-title\"><strong>Energetski razred\u00a0 \u00a0 \u00a0 \u00a0 \u00a0A+++<\/strong><\/li>\n<li><strong>Veli\u010dina prostora (m2)\u00a0 35-55<\/strong><\/li>\n<li><strong>Garancija 3 godine<\/strong><\/li>\n<\/ul>\n<\/div>\n<div><img decoding=\"async\" class=\"alignnone wp-image-22195 size-full\" src=\"https:\/\/etis.ba\/wp-content\/uploads\/2025\/12\/EFF.png\" alt=\"\" width=\"744\" height=\"164\" srcset=\"https:\/\/etis.ba\/wp-content\/uploads\/2025\/12\/EFF.png 744w, https:\/\/etis.ba\/wp-content\/uploads\/2025\/12\/EFF-300x66.png 300w, https:\/\/etis.ba\/wp-content\/uploads\/2025\/12\/EFF-340x75.png 340w\" sizes=\"(max-width: 744px) 100vw, 744px\" \/><\/div>\n","protected":false},"featured_media":22184,"comment_status":"open","ping_status":"closed","template":"","meta":{"_vp_format_video_url":"","_vp_image_focal_point":[]},"product_brand":[109],"product_cat":[105,104],"product_tag":[],"class_list":{"0":"post-22194","1":"product","2":"type-product","3":"status-publish","4":"has-post-thumbnail","6":"product_brand-mitsubishi","7":"product_cat-klima-uredjaji","8":"product_cat-mitsubishi-klime","10":"first","11":"instock","12":"shipping-taxable","13":"product-type-simple"},"_links":{"self":[{"href":"https:\/\/etis.ba\/index.php?rest_route=\/wp\/v2\/product\/22194","targetHints":{"allow":["GET"]}}],"collection":[{"href":"https:\/\/etis.ba\/index.php?rest_route=\/wp\/v2\/product"}],"about":[{"href":"https:\/\/etis.ba\/index.php?rest_route=\/wp\/v2\/types\/product"}],"replies":[{"embeddable":true,"href":"https:\/\/etis.ba\/index.php?rest_route=%2Fwp%2Fv2%2Fcomments&post=22194"}],"wp:featuredmedia":[{"embeddable":true,"href":"https:\/\/etis.ba\/index.php?rest_route=\/wp\/v2\/media\/22184"}],"wp:attachment":[{"href":"https:\/\/etis.ba\/index.php?rest_route=%2Fwp%2Fv2%2Fmedia&parent=22194"}],"wp:term":[{"taxonomy":"product_brand","embeddable":true,"href":"https:\/\/etis.ba\/index.php?rest_route=%2Fwp%2Fv2%2Fproduct_brand&post=22194"},{"taxonomy":"product_cat","embeddable":true,"href":"https:\/\/etis.ba\/index.php?rest_route=%2Fwp%2Fv2%2Fproduct_cat&post=22194"},{"taxonomy":"product_tag","embeddable":true,"href":"https:\/\/etis.ba\/index.php?rest_route=%2Fwp%2Fv2%2Fproduct_tag&post=22194"}],"curies":[{"name":"wp","href":"https:\/\/api.w.org\/{rel}","templated":true}]}}