{"id":22192,"date":"2025-12-08T21:14:34","date_gmt":"2025-12-08T20:14:34","guid":{"rendered":"https:\/\/etis.ba\/?post_type=product&#038;p=22192"},"modified":"2025-12-15T23:05:56","modified_gmt":"2025-12-15T22:05:56","slug":"mitsubishi-inverter-klima-bt-3-5-kw","status":"publish","type":"product","link":"https:\/\/etis.ba\/?product=mitsubishi-inverter-klima-bt-3-5-kw","title":{"rendered":"Mitsubishi inverter klima BT UJ i VJ 3.5 kW MSZ-BT35VG\/MUZ-BT35VG"},"content":{"rendered":"<p>Novi BT model iz palete ure\u0111aja Mitsubishi Electric pozicionirao se u sam vrh srednjeg razreda, odmah ispod dobro poznatog i naprednog AP modela. Koristi novi, ekolo\u0161ki prihvatljiviji\u00a0<strong>rashladni medij R32<\/strong>\u00a0i upravo zahvaljuju\u0107i njemu i naprednoj inverterskoj tehnologiji spada u ure\u0111aje visoke energetske u\u010dinkovitosti razreda\u00a0<strong>SEER A++ i SCOP A+\/A++<\/strong>. Dodatna u\u0161teda elektri\u010dne energije mogu\u0107a je i kori\u0161tenjem\u00a0<strong>Econo Cool<\/strong>\u00a0tehnologije koja prilago\u0111ava rad jedinice te na taj na\u010din posti\u017ee do 20% ve\u0107u energetsku u\u010dinkovitost.<\/p>\n<p>Kako bi se kvaliteta zraka dovela na zadovoljavaju\u0107u razinu, ure\u0111aj dolazi s posebnim pro\u010di\u0161\u0107avaju\u0107im filtrom s ionima srebra koji zadr\u017eava suspendirane \u010destice poput pra\u0161ine i dlaka ku\u0107nih ljubimaca. Ujedno i eliminira neugodne mirise, pru\u017eaju\u0107i tako \u010di\u0161\u0107i i zdraviji zrak u zatvorenom prostoru. Kako bi se postigla optimalna raspodjela zraka, tu je automatska kontrola ventilatora i horizontalna lamela koja se zakretanjem gore-dolje pobrinula za ravnomjernu raspodjelu zraka po prostoriji.<\/p>\n<p>Za bezbri\u017ean rad \u010dak i kada niste tu pobrinule su se napredne funkcije poput: Timer, Auto-restart, Low-temp Cooling, Samodijagnostika i brojne druge na koje smo ve\u0107 navikli kod Mitsubishi Electric klima ure\u0111aja. One zajedno nude veliku kontrolu klima ure\u0111aja kroz automatsko ga\u0161enje, paljenje, promjenu zadane temperature i rad po unaprijed odre\u0111enim postavkama. Na ovaj na\u010din \u0107ete i dodatno u\u0161tedjeti na potro\u0161nji elektri\u010dne energije.<\/p>\n<p>Ono \u010dime se BT linija posebno isti\u010de je ti\u0161ina rada. Ti\u0161ina je klju\u010dna za osiguravanje dobrog odmora i maksimalne udobnosti ne samo danju, ve\u0107 i no\u0107u. Nova BT-serija nudi ultra tihi na\u010din rada s razinom buke od\u00a0<strong>samo 19dB<\/strong>, \u0161to ga \u010dini jednim od najti\u0161ih na tr\u017ei\u0161tu i idealnim za mirno okru\u017eenje i opu\u0161tanje.<\/p>\n<p>Lako upravljanje omogu\u0107eno je infracrvenim daljinskim upravlja\u010dem i dodatnim opcionalnim rje\u0161enjima koja se prodaju zasebno:<\/p>\n<ul>\n<li><strong>WiFi su\u010delje<\/strong>\u00a0za be\u017ei\u010dnu kontrolu klima ure\u0111aja putem MEL Cloud aplikacije na nekom od va\u0161im pametnih mobilnih ure\u0111aja<\/li>\n<li><strong>\u017ei\u010dano upravlja\u010dko su\u010delje<\/strong>\u00a0sa pro\u0161irenim mogu\u0107nostima kontrole<\/li>\n<\/ul>\n","protected":false},"excerpt":{"rendered":"<ul>\n<li><strong>U\u010dinak hla\u0111enja (kW)\u00a0 \u00a03.5<\/strong><\/li>\n<li><strong>U\u010dinak grijanja (kW)\u00a0 \u00a0 \u00a03.6<\/strong><\/li>\n<li><strong>Energetski razred\u00a0 \u00a0 \u00a0 \u00a0 \u00a0A++<\/strong><\/li>\n<li><strong>Veli\u010dina prostora (m2)\u00a0 25-35<\/strong><\/li>\n<li><strong>Garancija 3 godine<\/strong><\/li>\n<\/ul>\n","protected":false},"featured_media":22191,"comment_status":"open","ping_status":"closed","template":"","meta":{"_vp_format_video_url":"","_vp_image_focal_point":[]},"product_brand":[109],"product_cat":[105,104],"product_tag":[],"class_list":{"0":"post-22192","1":"product","2":"type-product","3":"status-publish","4":"has-post-thumbnail","6":"product_brand-mitsubishi","7":"product_cat-klima-uredjaji","8":"product_cat-mitsubishi-klime","10":"first","11":"instock","12":"shipping-taxable","13":"product-type-simple"},"_links":{"self":[{"href":"https:\/\/etis.ba\/index.php?rest_route=\/wp\/v2\/product\/22192","targetHints":{"allow":["GET"]}}],"collection":[{"href":"https:\/\/etis.ba\/index.php?rest_route=\/wp\/v2\/product"}],"about":[{"href":"https:\/\/etis.ba\/index.php?rest_route=\/wp\/v2\/types\/product"}],"replies":[{"embeddable":true,"href":"https:\/\/etis.ba\/index.php?rest_route=%2Fwp%2Fv2%2Fcomments&post=22192"}],"wp:featuredmedia":[{"embeddable":true,"href":"https:\/\/etis.ba\/index.php?rest_route=\/wp\/v2\/media\/22191"}],"wp:attachment":[{"href":"https:\/\/etis.ba\/index.php?rest_route=%2Fwp%2Fv2%2Fmedia&parent=22192"}],"wp:term":[{"taxonomy":"product_brand","embeddable":true,"href":"https:\/\/etis.ba\/index.php?rest_route=%2Fwp%2Fv2%2Fproduct_brand&post=22192"},{"taxonomy":"product_cat","embeddable":true,"href":"https:\/\/etis.ba\/index.php?rest_route=%2Fwp%2Fv2%2Fproduct_cat&post=22192"},{"taxonomy":"product_tag","embeddable":true,"href":"https:\/\/etis.ba\/index.php?rest_route=%2Fwp%2Fv2%2Fproduct_tag&post=22192"}],"curies":[{"name":"wp","href":"https:\/\/api.w.org\/{rel}","templated":true}]}}