{"id":22181,"date":"2025-12-08T20:00:33","date_gmt":"2025-12-08T19:00:33","guid":{"rendered":"https:\/\/etis.ba\/?post_type=product&#038;p=22181"},"modified":"2025-12-15T23:07:25","modified_gmt":"2025-12-15T22:07:25","slug":"mitsubishi-inverter-klima-ln-3-5-kw-crvena","status":"publish","type":"product","link":"https:\/\/etis.ba\/?product=mitsubishi-inverter-klima-ln-3-5-kw-crvena","title":{"rendered":"Mitsubishi inverter klima LN 3.5 kW crvena MSZ-LN35VG2R\/MUZ-LN35VG2"},"content":{"rendered":"<p><img fetchpriority=\"high\" decoding=\"async\" class=\"alignnone wp-image-22175 size-large\" src=\"https:\/\/etis.ba\/wp-content\/uploads\/2025\/12\/funkcije-ln-1024x291.png\" alt=\"\" width=\"1024\" height=\"291\" srcset=\"https:\/\/etis.ba\/wp-content\/uploads\/2025\/12\/funkcije-ln-1024x291.png 1024w, https:\/\/etis.ba\/wp-content\/uploads\/2025\/12\/funkcije-ln-300x85.png 300w, https:\/\/etis.ba\/wp-content\/uploads\/2025\/12\/funkcije-ln-768x219.png 768w, https:\/\/etis.ba\/wp-content\/uploads\/2025\/12\/funkcije-ln-340x97.png 340w, https:\/\/etis.ba\/wp-content\/uploads\/2025\/12\/funkcije-ln-1536x437.png 1536w, https:\/\/etis.ba\/wp-content\/uploads\/2025\/12\/funkcije-ln-1000x285.png 1000w, https:\/\/etis.ba\/wp-content\/uploads\/2025\/12\/funkcije-ln-1300x370.png 1300w, https:\/\/etis.ba\/wp-content\/uploads\/2025\/12\/funkcije-ln.png 1760w\" sizes=\"(max-width: 1024px) 100vw, 1024px\" \/><img decoding=\"async\" class=\"alignnone wp-image-22179 size-large\" src=\"https:\/\/etis.ba\/wp-content\/uploads\/2025\/12\/crveni-1024x369.png\" alt=\"\" width=\"1024\" height=\"369\" srcset=\"https:\/\/etis.ba\/wp-content\/uploads\/2025\/12\/crveni-1024x369.png 1024w, https:\/\/etis.ba\/wp-content\/uploads\/2025\/12\/crveni-300x108.png 300w, https:\/\/etis.ba\/wp-content\/uploads\/2025\/12\/crveni-768x277.png 768w, https:\/\/etis.ba\/wp-content\/uploads\/2025\/12\/crveni-340x123.png 340w, https:\/\/etis.ba\/wp-content\/uploads\/2025\/12\/crveni-1536x554.png 1536w, https:\/\/etis.ba\/wp-content\/uploads\/2025\/12\/crveni-1000x361.png 1000w, https:\/\/etis.ba\/wp-content\/uploads\/2025\/12\/crveni-1300x469.png 1300w, https:\/\/etis.ba\/wp-content\/uploads\/2025\/12\/crveni.png 1827w\" sizes=\"(max-width: 1024px) 100vw, 1024px\" \/> <img decoding=\"async\" class=\"alignnone wp-image-22174 size-large\" src=\"https:\/\/etis.ba\/wp-content\/uploads\/2025\/12\/cjevovod-1024x293.png\" alt=\"\" width=\"1024\" height=\"293\" srcset=\"https:\/\/etis.ba\/wp-content\/uploads\/2025\/12\/cjevovod-1024x293.png 1024w, https:\/\/etis.ba\/wp-content\/uploads\/2025\/12\/cjevovod-300x86.png 300w, https:\/\/etis.ba\/wp-content\/uploads\/2025\/12\/cjevovod-768x220.png 768w, https:\/\/etis.ba\/wp-content\/uploads\/2025\/12\/cjevovod-340x97.png 340w, https:\/\/etis.ba\/wp-content\/uploads\/2025\/12\/cjevovod-1000x286.png 1000w, https:\/\/etis.ba\/wp-content\/uploads\/2025\/12\/cjevovod-1300x372.png 1300w, https:\/\/etis.ba\/wp-content\/uploads\/2025\/12\/cjevovod.png 1311w\" sizes=\"(max-width: 1024px) 100vw, 1024px\" \/><\/p>\n<p><strong>STANDARDNO UKLJU\u010cENO<\/strong><br \/>\n\u2022 3D I-See senzor<br \/>\n\u2022 Area funkcija<br \/>\n\u2022 Prepoznavanje korisnika<br \/>\n\u2022 Econo-cool funkcija<br \/>\n\u2022 Automatska dvostruka krilca<br \/>\n\u2022 Sedmi\u010dni tajmer<br \/>\n\u2022 Samodijagnoza<br \/>\n\u2022 Replace tehnologija<br \/>\n\u2022 Automatsko prebacivanje<br \/>\nna\u010dina rada<br \/>\n\u2022 Dvostruki premaz<br \/>\n\u2022 I-save na\u010din rada<br \/>\n\u2022 Plasma Quad plus funkcija<br \/>\n\u2022 No\u0107ni na\u010din rada<\/p>\n<p>Top model proizvo\u0111a\u010da Mitsubishi Electric novi je rekorder energetske u\u010dinkovitosti i tehnolo\u0161ki lider me\u0111u klima ure\u0111ajima na tr\u017ei\u0161tu. Posti\u017ee najvi\u0161e\u00a0<strong>SEER\u00a0<\/strong>i<strong>\u00a0SCOP<\/strong>\u00a0koeficijente\u00a0<strong>A+++<\/strong>\u00a0i dobitnik je nagrade\u00a0<strong>\u201eGood Design Award\u201c<\/strong>\u00a0za svoj moderan i sofisticiran dizajn koji dolazi u \u010detiri specijalno odabrane boje. Tako\u0111er,\u00a0<strong>Mitsubishi Electric Kirigamine Style\u00a0<\/strong>koristi ekolo\u0161ki prihvatljiv<strong>\u00a0rashladni medij R32\u00a0<\/strong>koji poma\u017ee pri o\u010duvanju okoli\u0161a.<\/p>\n<p>Ovaj model snage\u00a0<strong>5.0 kW<\/strong>\u00a0idealan je izbor za prostorije veli\u010dine do\u00a0<strong>55 m\u00b2.<\/strong><\/p>\n<p>Kako bi vam osigurali vrhunsku kvalitetu zraka, modeli ove serije dolaze sa \u201e<strong>Plasma Quad Plus<\/strong>\u201c, najmo\u0107nijim filterskim sustavom koji je dostupan za klima ure\u0111aje. Pouzdano uklanja\u00a0<strong>99% \u0161tetnih \u010destica<\/strong>\u00a0iz 25 m\u00b3 zraka u samo 115 minuta. Bakterije, virusi, plijesan, alergeni, PM2.5 \u010destice i pra\u0161ina vi\u0161e ne predstavljaju problem. Za pravilnu raspodjelu zraka po prostoriji pobrinule su se\u00a0<strong>\u010detverostruke lamele<\/strong>\u00a0koje omogu\u0107uju dvostruki ispuh, pa \u010dak i na dvije razine prostorije (npr. prizemlje i galerija).<\/p>\n<p>Kao top model, Kirigamine Style nudi sve funkcionalnosti ostalih modela Mitsubishi Electric ponude poput:\u00a0<strong>Econo Cool, Tjedni timer, \u201ei save\u201c, Automatska promjena re\u017eima rada, No\u0107ni rad, Tihi rad, Auto restart<\/strong>\u00a0i mnoge druge, ali i neke potpuno nove vrhunske tehnologije i zna\u010dajke.\u00a0<strong>\u201e3D I-see Senzor\u201c<\/strong>\u00a0jedna je od njih. Pomo\u0107u infracrvenog senzora otkriva gdje se ljudi nalaze u prostoriji i pritom prilago\u0111ava ja\u010dinu rada, protok i smjer strujanja zraka kako bi se osigurali najpovoljniji uvjeti.\u00a0<strong>Dvostruki premaz ispariva\u010da<\/strong>\u00a0jo\u0161 je jedan primjer izvrsnosti ove serije. Zahvaljuju\u0107i tom posebnom premazu osiguralo se smanjenje potro\u0161nje elektri\u010dne energije do dodatnih 18%.<\/p>\n<p>Upravljanje ure\u0111ajem omogu\u0107eno je infracrvenim daljinskim upravlja\u010dem, ve\u0107\u00a0<strong>ugra\u0111enim WiFi su\u010deljem.\u00a0<\/strong><\/p>\n","protected":false},"excerpt":{"rendered":"<ul>\n<li><strong>U\u010dinak hla\u0111enja (kW): 3.5<\/strong><\/li>\n<li><strong>U\u010dinak grijanja (kW): 4.0<\/strong><\/li>\n<li><strong>Energetski razred: A+++<\/strong><\/li>\n<li><strong>Veli\u010dina prostorije(m2): 25-35<\/strong><\/li>\n<li><strong>Garancija: 3 godine<\/strong><\/li>\n<\/ul>\n<div><img loading=\"lazy\" decoding=\"async\" class=\"alignnone wp-image-22172 size-full\" src=\"https:\/\/etis.ba\/wp-content\/uploads\/2025\/12\/temp.png\" alt=\"\" width=\"923\" height=\"212\" srcset=\"https:\/\/etis.ba\/wp-content\/uploads\/2025\/12\/temp.png 923w, https:\/\/etis.ba\/wp-content\/uploads\/2025\/12\/temp-300x69.png 300w, https:\/\/etis.ba\/wp-content\/uploads\/2025\/12\/temp-768x176.png 768w, https:\/\/etis.ba\/wp-content\/uploads\/2025\/12\/temp-340x78.png 340w\" sizes=\"(max-width: 923px) 100vw, 923px\" \/><\/div>\n","protected":false},"featured_media":22180,"comment_status":"open","ping_status":"closed","template":"","meta":{"_vp_format_video_url":"","_vp_image_focal_point":[]},"product_brand":[109],"product_cat":[105,104],"product_tag":[],"class_list":{"0":"post-22181","1":"product","2":"type-product","3":"status-publish","4":"has-post-thumbnail","6":"product_brand-mitsubishi","7":"product_cat-klima-uredjaji","8":"product_cat-mitsubishi-klime","10":"first","11":"instock","12":"shipping-taxable","13":"product-type-simple"},"_links":{"self":[{"href":"https:\/\/etis.ba\/index.php?rest_route=\/wp\/v2\/product\/22181","targetHints":{"allow":["GET"]}}],"collection":[{"href":"https:\/\/etis.ba\/index.php?rest_route=\/wp\/v2\/product"}],"about":[{"href":"https:\/\/etis.ba\/index.php?rest_route=\/wp\/v2\/types\/product"}],"replies":[{"embeddable":true,"href":"https:\/\/etis.ba\/index.php?rest_route=%2Fwp%2Fv2%2Fcomments&post=22181"}],"wp:featuredmedia":[{"embeddable":true,"href":"https:\/\/etis.ba\/index.php?rest_route=\/wp\/v2\/media\/22180"}],"wp:attachment":[{"href":"https:\/\/etis.ba\/index.php?rest_route=%2Fwp%2Fv2%2Fmedia&parent=22181"}],"wp:term":[{"taxonomy":"product_brand","embeddable":true,"href":"https:\/\/etis.ba\/index.php?rest_route=%2Fwp%2Fv2%2Fproduct_brand&post=22181"},{"taxonomy":"product_cat","embeddable":true,"href":"https:\/\/etis.ba\/index.php?rest_route=%2Fwp%2Fv2%2Fproduct_cat&post=22181"},{"taxonomy":"product_tag","embeddable":true,"href":"https:\/\/etis.ba\/index.php?rest_route=%2Fwp%2Fv2%2Fproduct_tag&post=22181"}],"curies":[{"name":"wp","href":"https:\/\/api.w.org\/{rel}","templated":true}]}}