{"id":22163,"date":"2025-12-08T19:02:59","date_gmt":"2025-12-08T18:02:59","guid":{"rendered":"https:\/\/etis.ba\/?post_type=product&#038;p=22163"},"modified":"2025-12-15T22:55:16","modified_gmt":"2025-12-15T21:55:16","slug":"mitsubishi-inverter-klima-sf-4-2-kw","status":"publish","type":"product","link":"https:\/\/etis.ba\/?product=mitsubishi-inverter-klima-sf-4-2-kw","title":{"rendered":"Mitsubishi inverter klima SF 4.2 kW MSZ-SF42VE3\/MUZ-SF42VE"},"content":{"rendered":"<p><img fetchpriority=\"high\" decoding=\"async\" class=\"alignnone wp-image-22166 size-full\" src=\"https:\/\/etis.ba\/wp-content\/uploads\/2025\/12\/1123.png\" alt=\"\" width=\"1587\" height=\"269\" srcset=\"https:\/\/etis.ba\/wp-content\/uploads\/2025\/12\/1123.png 1587w, https:\/\/etis.ba\/wp-content\/uploads\/2025\/12\/1123-300x51.png 300w, https:\/\/etis.ba\/wp-content\/uploads\/2025\/12\/1123-1024x174.png 1024w, https:\/\/etis.ba\/wp-content\/uploads\/2025\/12\/1123-768x130.png 768w, https:\/\/etis.ba\/wp-content\/uploads\/2025\/12\/1123-340x58.png 340w, https:\/\/etis.ba\/wp-content\/uploads\/2025\/12\/1123-1536x260.png 1536w, https:\/\/etis.ba\/wp-content\/uploads\/2025\/12\/1123-1000x170.png 1000w, https:\/\/etis.ba\/wp-content\/uploads\/2025\/12\/1123-1300x220.png 1300w\" sizes=\"(max-width: 1587px) 100vw, 1587px\" \/><\/p>\n<p>Energetski vrlo efikasan i moderan klima ure\u0111aj (split sistem) za fiksnu ugradnju \u2013 Novi kompresor i ve\u0107i izmjenjiva\u010d obezbje\u0111uju visoku energetsku efikasnost pri hla\u0111enju i grijanju, SCOP 4.4 i SEER 7.5 (model SF42VE) \u2013 Klasa energetske efikasnosti hla\u0111enja A++, vrlo tih rad unutra\u0161nje jedinice 19dB \u2013 Ovaj ure\u0111aj serije SF preporu\u010dujemo onima kojima je potreban ure\u0111aj osim za hla\u0111enja i za grijanje u podru\u010djima ja\u010de zime. Serija SF mo\u017ee grijati do vanjske temperature od -15 \u00b0C \u2013 Ovaj ure\u0111aj je veoma \u0161tedljiv. Kupovinom ure\u0111aja SF serije u\u010dinili ste optimalnu kupovinu i va\u0161a investicija \u0107e se brzo vratiti kroz u\u0161tedu elektri\u010dne energije.<\/p>\n<p><b>Elegantan i prilagodljiv oblik<\/b><br \/>\nPravokutan oblik unutarnje jedinice neprimjetno se uklapa u kombinaciji s arhitektonskim rje\u0161enjima i estetikom prostora te pru\u017ea \ufb02eksibilnu instalaciju na bilo kojem mjestu u prostoriji.<\/p>\n<p><b>Nano Platinum \ufb01lter<\/b><br \/>\nUre\u0111aj ima ugra\u0111en \ufb01lter od nano platinasto-kerami\u010dkih \u010destica koje neutraliziraju bakterije, viruse, alergene i neugodne mirise.<\/p>\n<p><b>Sedmi\u010dni tajmer<\/b><b><br \/>\n<\/b>Rad klima ure\u0111aja postavljamo prema na\u0161im \u017eeljama pomo\u0107u daljinskog upravlja\u010da. Ovaj upravlja\u010d ima mogu\u0107nost sedmi\u010dnog programiranja. Na upravlja\u010du u nekoliko koraka postavimo \u017eeljenu temperaturu te po\u010detak i kraj rada ure\u0111aja. Tako dobijemo funkcionalnost koja je optimalno prilago\u0111ena na\u0161im potrebama.<\/p>\n<p>Pored ovih funkcija, posjeduje i funkcije Automatskog zakretanja lopatica, vertikalan polo\u0107aj krilaca, automatsko prebacivanje na\u010dina rada, samodijagnoza kao i mogu\u0107nost spajanja na WiFi uz nadoplatu.<\/p>\n","protected":false},"excerpt":{"rendered":"<div>\n<ul>\n<li><strong>U\u010dinak hla\u0111enja (kW): 4.2<\/strong><\/li>\n<li><strong>U\u010dinak grijanja (kW): 5.4<\/strong><\/li>\n<li class=\"cp-attr-title\"><strong>Energetski razred: A++<\/strong><\/li>\n<li><strong>Veli\u010dina prostora (m2): 35-45<\/strong><\/li>\n<li><strong>Garancija: 3 godine<\/strong><\/li>\n<\/ul>\n<\/div>\n<div><img decoding=\"async\" class=\"alignnone wp-image-22164 size-large\" src=\"https:\/\/etis.ba\/wp-content\/uploads\/2025\/12\/SF-1024x275.png\" alt=\"\" width=\"1024\" height=\"275\" srcset=\"https:\/\/etis.ba\/wp-content\/uploads\/2025\/12\/SF-1024x275.png 1024w, https:\/\/etis.ba\/wp-content\/uploads\/2025\/12\/SF-300x81.png 300w, https:\/\/etis.ba\/wp-content\/uploads\/2025\/12\/SF-768x207.png 768w, https:\/\/etis.ba\/wp-content\/uploads\/2025\/12\/SF-340x91.png 340w, https:\/\/etis.ba\/wp-content\/uploads\/2025\/12\/SF-1000x269.png 1000w, https:\/\/etis.ba\/wp-content\/uploads\/2025\/12\/SF.png 1294w\" sizes=\"(max-width: 1024px) 100vw, 1024px\" \/><\/div>\n","protected":false},"featured_media":22165,"comment_status":"open","ping_status":"closed","template":"","meta":{"_vp_format_video_url":"","_vp_image_focal_point":[]},"product_brand":[109],"product_cat":[105,104],"product_tag":[],"class_list":{"0":"post-22163","1":"product","2":"type-product","3":"status-publish","4":"has-post-thumbnail","6":"product_brand-mitsubishi","7":"product_cat-klima-uredjaji","8":"product_cat-mitsubishi-klime","10":"first","11":"instock","12":"shipping-taxable","13":"product-type-simple"},"_links":{"self":[{"href":"https:\/\/etis.ba\/index.php?rest_route=\/wp\/v2\/product\/22163","targetHints":{"allow":["GET"]}}],"collection":[{"href":"https:\/\/etis.ba\/index.php?rest_route=\/wp\/v2\/product"}],"about":[{"href":"https:\/\/etis.ba\/index.php?rest_route=\/wp\/v2\/types\/product"}],"replies":[{"embeddable":true,"href":"https:\/\/etis.ba\/index.php?rest_route=%2Fwp%2Fv2%2Fcomments&post=22163"}],"wp:featuredmedia":[{"embeddable":true,"href":"https:\/\/etis.ba\/index.php?rest_route=\/wp\/v2\/media\/22165"}],"wp:attachment":[{"href":"https:\/\/etis.ba\/index.php?rest_route=%2Fwp%2Fv2%2Fmedia&parent=22163"}],"wp:term":[{"taxonomy":"product_brand","embeddable":true,"href":"https:\/\/etis.ba\/index.php?rest_route=%2Fwp%2Fv2%2Fproduct_brand&post=22163"},{"taxonomy":"product_cat","embeddable":true,"href":"https:\/\/etis.ba\/index.php?rest_route=%2Fwp%2Fv2%2Fproduct_cat&post=22163"},{"taxonomy":"product_tag","embeddable":true,"href":"https:\/\/etis.ba\/index.php?rest_route=%2Fwp%2Fv2%2Fproduct_tag&post=22163"}],"curies":[{"name":"wp","href":"https:\/\/api.w.org\/{rel}","templated":true}]}}