{"id":22154,"date":"2025-12-08T18:26:51","date_gmt":"2025-12-08T17:26:51","guid":{"rendered":"https:\/\/etis.ba\/?post_type=product&#038;p=22154"},"modified":"2025-12-15T22:47:18","modified_gmt":"2025-12-15T21:47:18","slug":"mitsubishi-inverter-klima-ef-5-0-kw-bijela","status":"publish","type":"product","link":"https:\/\/etis.ba\/?product=mitsubishi-inverter-klima-ef-5-0-kw-bijela","title":{"rendered":"Mitsubishi inverter klima EF 5.0 kW &#8211; MSZ-EF50VG(K)W | MUZ-EF50VG"},"content":{"rendered":"<p><img fetchpriority=\"high\" decoding=\"async\" class=\"alignnone wp-image-22157 size-full\" src=\"https:\/\/etis.ba\/wp-content\/uploads\/2025\/12\/Screenshot_1.png\" alt=\"\" width=\"1400\" height=\"271\" srcset=\"https:\/\/etis.ba\/wp-content\/uploads\/2025\/12\/Screenshot_1.png 1400w, https:\/\/etis.ba\/wp-content\/uploads\/2025\/12\/Screenshot_1-300x58.png 300w, https:\/\/etis.ba\/wp-content\/uploads\/2025\/12\/Screenshot_1-1024x198.png 1024w, https:\/\/etis.ba\/wp-content\/uploads\/2025\/12\/Screenshot_1-768x149.png 768w, https:\/\/etis.ba\/wp-content\/uploads\/2025\/12\/Screenshot_1-340x66.png 340w, https:\/\/etis.ba\/wp-content\/uploads\/2025\/12\/Screenshot_1-1000x194.png 1000w, https:\/\/etis.ba\/wp-content\/uploads\/2025\/12\/Screenshot_1-1300x252.png 1300w\" sizes=\"(max-width: 1400px) 100vw, 1400px\" \/><\/p>\n<p>Napredni model proizvo\u0111a\u010da Mitsubishi Electric dizajniran je u cijenjenom talijanskom studiju kako bi zadovoljio istan\u010dani ukus zahtjevnih korisnika. Dostupan je u dvije boje kako bi se idealno uklopio ba\u0161 u svaki interijer.<\/p>\n<p>Zahvaljuju\u0107i naprednoj inverterskoj tehnologiji,\u00a0<strong>Mitsubishi Electric Kirigamine Zen<\/strong>\u00a0nalazi se u razredu energetske u\u010dinkovitosti\u00a0<strong>A+++<\/strong>, a za dodatnu u\u0161tedu energije uklju\u010dena je i nova napredna funkcija \u201clow standby power\u201d kojom je potro\u0161nja energije u stanju pripravnosti smanjena za\u00a0<strong>90%<\/strong>, odnosno na samo\u00a0<strong>1W<\/strong>.<\/p>\n<p>Snagom od<strong>\u00a05.0 kW<\/strong>\u00a0osigurava upravo \u017eeljenu klimu u prostorijama do\u00a0<strong>55 m\u00b2.<\/strong><\/p>\n<p>Kako bi nesmetano i u svakom trenutku mogli u\u017eivati u tihom i pouzdanom radu va\u0161eg klima ure\u0111aja, tu su dodatne funkcije poput:\u00a0<strong>Tihi rad, Tjedni timer, Automatski restart, Automatska promjena re\u017eima rada, \u201ci save\u201d i Samodijagnoza.\u00a0<\/strong>Lako upravljanje omogu\u0107eno je infracrvenim daljinskim upravlja\u010dem i dodatnim opcionalnim rje\u0161enjima koja se prodaju zasebno:<\/p>\n<ul>\n<li><strong>WiFi su\u010delje<\/strong>\u00a0za be\u017ei\u010dnu kontrolu klima ure\u0111aja putem MEL Cloud aplikacije na va\u0161em ra\u010dunalu, tabletu ili pametnom telefonu<\/li>\n<li><strong>\u017ei\u010dano upravlja\u010dko su\u010delje<\/strong>\u00a0s pro\u0161irenim mogu\u0107nostima kontrole<\/li>\n<\/ul>\n<p>Uz pouzdano hla\u0111enje i grijanje, najva\u017enija zna\u010dajka kod klima ure\u0111aja svakako mora biti i podizanje kvalitete zraka i njegova ravnomjerna raspodjela u prostoriji. Upravo zato Kirigamine Zen serija dolazi s naprednom filtracijom, automatskim horizontalnim lamelama ispuha zraka i\u00a0<strong>Econo Cool<\/strong>\u00a0funkcijom koja prilago\u0111ava koli\u010dinu zraka usmjerenu prema tijelu na temelju temperature izlaznog zraka -na taj na\u010din tako\u0111er se posti\u017ee i\u00a0<strong>20%<\/strong>\u00a0-tni porast energetske u\u010dinkovitosti. Tako\u0111er, moramo napomenuti da uz standardnu filtraciju Kirigamine Zen dolazi i s dodatnim filterom s ionima srebra i naprednim\u00a0<strong>Nano Platinum Filterom\u00a0<\/strong>koji zahvaljuju\u0107i svojoj 3D povr\u0161ini iznimno u\u010dinkovito filtrira ne\u017eeljene \u010destice i neugodne mirise.<\/p>\n","protected":false},"excerpt":{"rendered":"<div>\n<ul>\n<li><strong>U\u010dinak hla\u0111enja (kW): 5.0<\/strong><\/li>\n<li><strong>U\u010dinak grijanja (kW): 5.8<\/strong><\/li>\n<li class=\"cp-attr-title\"><strong>Energetski razred: A+++<\/strong><\/li>\n<li><strong>Veli\u010dina prostora (m2): 35-55<\/strong><\/li>\n<li><strong>Garancija: 3 godine<\/strong><\/li>\n<\/ul>\n<\/div>\n<div><img decoding=\"async\" class=\"alignnone wp-image-22159\" src=\"https:\/\/etis.ba\/wp-content\/uploads\/2025\/12\/55.png\" alt=\"\" width=\"500\" height=\"97\" srcset=\"https:\/\/etis.ba\/wp-content\/uploads\/2025\/12\/55.png 730w, https:\/\/etis.ba\/wp-content\/uploads\/2025\/12\/55-300x58.png 300w, https:\/\/etis.ba\/wp-content\/uploads\/2025\/12\/55-340x66.png 340w\" sizes=\"(max-width: 500px) 100vw, 500px\" \/><\/div>\n","protected":false},"featured_media":22155,"comment_status":"open","ping_status":"closed","template":"","meta":{"_vp_format_video_url":"","_vp_image_focal_point":[]},"product_brand":[109],"product_cat":[105,104],"product_tag":[],"class_list":{"0":"post-22154","1":"product","2":"type-product","3":"status-publish","4":"has-post-thumbnail","6":"product_brand-mitsubishi","7":"product_cat-klima-uredjaji","8":"product_cat-mitsubishi-klime","10":"first","11":"instock","12":"shipping-taxable","13":"product-type-simple"},"_links":{"self":[{"href":"https:\/\/etis.ba\/index.php?rest_route=\/wp\/v2\/product\/22154","targetHints":{"allow":["GET"]}}],"collection":[{"href":"https:\/\/etis.ba\/index.php?rest_route=\/wp\/v2\/product"}],"about":[{"href":"https:\/\/etis.ba\/index.php?rest_route=\/wp\/v2\/types\/product"}],"replies":[{"embeddable":true,"href":"https:\/\/etis.ba\/index.php?rest_route=%2Fwp%2Fv2%2Fcomments&post=22154"}],"wp:featuredmedia":[{"embeddable":true,"href":"https:\/\/etis.ba\/index.php?rest_route=\/wp\/v2\/media\/22155"}],"wp:attachment":[{"href":"https:\/\/etis.ba\/index.php?rest_route=%2Fwp%2Fv2%2Fmedia&parent=22154"}],"wp:term":[{"taxonomy":"product_brand","embeddable":true,"href":"https:\/\/etis.ba\/index.php?rest_route=%2Fwp%2Fv2%2Fproduct_brand&post=22154"},{"taxonomy":"product_cat","embeddable":true,"href":"https:\/\/etis.ba\/index.php?rest_route=%2Fwp%2Fv2%2Fproduct_cat&post=22154"},{"taxonomy":"product_tag","embeddable":true,"href":"https:\/\/etis.ba\/index.php?rest_route=%2Fwp%2Fv2%2Fproduct_tag&post=22154"}],"curies":[{"name":"wp","href":"https:\/\/api.w.org\/{rel}","templated":true}]}}