{"id":22151,"date":"2025-12-08T15:06:44","date_gmt":"2025-12-08T14:06:44","guid":{"rendered":"https:\/\/etis.ba\/?post_type=product&#038;p=22151"},"modified":"2025-12-15T22:54:22","modified_gmt":"2025-12-15T21:54:22","slug":"mitsubishi-inverter-klima-hj-3-5-kw","status":"publish","type":"product","link":"https:\/\/etis.ba\/?product=mitsubishi-inverter-klima-hj-3-5-kw","title":{"rendered":"Mitsubishi inverter klima HJ 3.5 kW MSZ\/MUZ-HJ35VA"},"content":{"rendered":"<div>Dimenzije:<\/div>\n<div>290 \/ 799 \/ 232<br \/>\n538 \/ 699 \/ 249<\/div>\n<div><\/div>\n<div>\n<div>\n<div class=\"cp-attr-title\">Ovaj osnovni model <strong>Mitsubishi Electric Standard Inverter<\/strong>\u00a0serije predstavlja ulaznicu u svijet \u0161tedljivih ure\u0111aja. Svojim omjerom cijene i navedenih karakteristika te snage od\u00a0<strong>3.5 kW<\/strong>\u00a0predstavlja odli\u010dan izbor za hla\u0111enje prostorija\u00a0<strong>do 35 m\u00b2.<\/strong><\/div>\n<\/div>\n<\/div>\n<p>Kako bi osigurao kvalitetu zraka, uz standardnu filtraciju tako\u0111er dolazi i\u00a0s opcionalnim katehinskim filterom opremljenim antioksidansima koji su djelotvorni protiv virusa i bakterija te filterom s ionima srebra koji je tu da se pobrine za bakterije, pelud i druge alergene.<\/p>\n<p>Osobine koje ga \u010dine\u00a0osnovnim modelom ne zna\u010de i da posjeduje samo osnovne funkcije. Za razliku od velikog broja klima ure\u0111aja na tr\u017ei\u0161tu, uz funkcije kao<strong>\u00a0Timer, Samodijagnoza, Ponovno pokretanje i Automatsko pode\u0161avanje brzine ventilatora<\/strong>\u00a0dolazi i sa\u00a0<strong>Off kontakt<\/strong>\u00a0( omogu\u0107uje prekid rada klima ure\u0111aja prilikom otvaranja prozora ),\u00a0<strong>Econo Cool<\/strong>\u00a0( inteligentna zna\u010dajka kontrole temperature koja prilago\u0111ava koli\u010dinu zraka usmjerenu prema tijelu na temelju temperature izlaznog zraka, zahvaljuju\u0107i \u010demu\u00a0se temperatura pode\u0161avanja mo\u017ee\u00a0povisiti za \u010dak 2 \u00b0C bez gubitka udobnosti, \u010dime se posti\u017ee 20% -tni porast energetske u\u010dinkovitosti ) i\u00a0<strong>Ponovna upotreba cijevi bez \u010di\u0161\u0107enja<\/strong>\u00a0( mogu\u0107e je ponovno kori\u0161tenje istih cjevovoda te omogu\u0107uje obnovu klimatizacijskih sustava bez \u010di\u0161\u0107enja ako koriste R22 ili R410 rashladno sredstvo ).<\/p>\n<p>Za lako upravljanje pobrinuti \u0107e se infracrveni daljinski upravlja\u010d a za va\u0161u ugodu tihi rad od samo\u00a0<strong>22dB<\/strong>\u00a0(modeli 25 i 35) uz koji \u0107ete i zaboraviti da je klima ure\u0111aj upaljen.<\/p>\n","protected":false},"excerpt":{"rendered":"<ul>\n<li><strong>U\u010dinak hla\u0111enja (kW): 3,15<\/strong><\/li>\n<li><strong>U\u010dinak grijanja (kW): 3,6<\/strong><\/li>\n<li><strong>Energetski razred: A<\/strong><\/li>\n<li><strong>Veli\u010dina prostora (m2): 25 \u2013 35<\/strong><\/li>\n<\/ul>\n","protected":false},"featured_media":22152,"comment_status":"open","ping_status":"closed","template":"","meta":{"_vp_format_video_url":"","_vp_image_focal_point":[]},"product_brand":[109],"product_cat":[105,104],"product_tag":[],"class_list":{"0":"post-22151","1":"product","2":"type-product","3":"status-publish","4":"has-post-thumbnail","6":"product_brand-mitsubishi","7":"product_cat-klima-uredjaji","8":"product_cat-mitsubishi-klime","10":"first","11":"instock","12":"shipping-taxable","13":"product-type-simple"},"_links":{"self":[{"href":"https:\/\/etis.ba\/index.php?rest_route=\/wp\/v2\/product\/22151","targetHints":{"allow":["GET"]}}],"collection":[{"href":"https:\/\/etis.ba\/index.php?rest_route=\/wp\/v2\/product"}],"about":[{"href":"https:\/\/etis.ba\/index.php?rest_route=\/wp\/v2\/types\/product"}],"replies":[{"embeddable":true,"href":"https:\/\/etis.ba\/index.php?rest_route=%2Fwp%2Fv2%2Fcomments&post=22151"}],"wp:featuredmedia":[{"embeddable":true,"href":"https:\/\/etis.ba\/index.php?rest_route=\/wp\/v2\/media\/22152"}],"wp:attachment":[{"href":"https:\/\/etis.ba\/index.php?rest_route=%2Fwp%2Fv2%2Fmedia&parent=22151"}],"wp:term":[{"taxonomy":"product_brand","embeddable":true,"href":"https:\/\/etis.ba\/index.php?rest_route=%2Fwp%2Fv2%2Fproduct_brand&post=22151"},{"taxonomy":"product_cat","embeddable":true,"href":"https:\/\/etis.ba\/index.php?rest_route=%2Fwp%2Fv2%2Fproduct_cat&post=22151"},{"taxonomy":"product_tag","embeddable":true,"href":"https:\/\/etis.ba\/index.php?rest_route=%2Fwp%2Fv2%2Fproduct_tag&post=22151"}],"curies":[{"name":"wp","href":"https:\/\/api.w.org\/{rel}","templated":true}]}}